{"id":42212,"date":"2025-01-27T02:36:29","date_gmt":"2025-01-26T23:36:29","guid":{"rendered":"https:\/\/zenith-hr.com\/?page_id=42212"},"modified":"2025-06-02T17:00:58","modified_gmt":"2025-06-02T14:00:58","slug":"cv-gonder","status":"publish","type":"page","link":"https:\/\/zenith-hr.com\/tr\/cv-gonder\/","title":{"rendered":"CV G\u00f6nder"},"content":{"rendered":"<div data-elementor-type=\"wp-page\" data-elementor-id=\"42212\" class=\"elementor elementor-42212\" data-elementor-settings=\"{&quot;ha_cmc_init_switcher&quot;:&quot;no&quot;}\" data-elementor-post-type=\"page\">\n\t\t\t\t\t\t<section class=\"elementor-section elementor-top-section elementor-element elementor-element-674756a elementor-section-content-middle scheme_dark sc_layouts_row sc_layouts_row_type_compact elementor-section-height-min-height elementor-section-boxed elementor-section-height-default elementor-section-items-middle sc_fly_static\" data-id=\"674756a\" data-element_type=\"section\" data-e-type=\"section\" data-settings=\"{&quot;background_background&quot;:&quot;classic&quot;,&quot;_ha_eqh_enable&quot;:false}\">\n\t\t\t\t\t\t\t<div class=\"elementor-background-overlay\"><\/div>\n\t\t\t\t\t\t\t<div class=\"elementor-container elementor-column-gap-extended\">\n\t\t\t\t\t<div class=\"elementor-column elementor-col-100 elementor-top-column elementor-element elementor-element-58fee08 sc_content_align_inherit sc_layouts_column_icons_position_left sc_fly_static\" data-id=\"58fee08\" data-element_type=\"column\" data-e-type=\"column\">\n\t\t\t<div class=\"elementor-widget-wrap elementor-element-populated\">\n\t\t\t\t\t\t<section class=\"elementor-section elementor-inner-section elementor-element elementor-element-5bac62c elementor-section-full_width elementor-section-height-default elementor-section-height-default sc_fly_static\" data-id=\"5bac62c\" data-element_type=\"section\" data-e-type=\"section\" data-settings=\"{&quot;_ha_eqh_enable&quot;:false}\">\n\t\t\t\t\t\t<div class=\"elementor-container elementor-column-gap-extended\">\n\t\t\t\t\t<div class=\"elementor-column elementor-col-50 elementor-inner-column elementor-element elementor-element-7a8e86f sc_content_align_inherit sc_layouts_column_icons_position_left sc_fly_static\" data-id=\"7a8e86f\" data-element_type=\"column\" data-e-type=\"column\">\n\t\t\t<div class=\"elementor-widget-wrap elementor-element-populated\">\n\t\t\t\t\t\t\t<\/div>\n\t\t<\/div>\n\t\t\t\t<div class=\"elementor-column elementor-col-50 elementor-inner-column elementor-element elementor-element-a055ca3 sc_content_align_inherit sc_layouts_column_icons_position_left sc_fly_static\" data-id=\"a055ca3\" data-element_type=\"column\" data-e-type=\"column\">\n\t\t\t<div class=\"elementor-widget-wrap elementor-element-populated\">\n\t\t\t\t\t\t<div data-animation-type=\"block\" class=\"elementor-element elementor-element-9e4da0c elementor-widget__width-initial animation_type_block sc_fly_static elementor-invisible elementor-widget elementor-widget-heading\" data-id=\"9e4da0c\" data-element_type=\"widget\" data-e-type=\"widget\" data-settings=\"{&quot;_animation&quot;:&quot;fadeInLeft&quot;}\" data-widget_type=\"heading.default\">\n\t\t\t\t<div class=\"elementor-widget-container\">\n\t\t\t\t\t<h2 class=\"elementor-heading-title elementor-size-default\">Kariyerinizde yeni bir i\u015f f\u0131rsat\u0131 ar\u0131yorsan\u0131z do\u011fru yerdesiniz!<\/h2>\t\t\t\t<\/div>\n\t\t\t\t<\/div>\n\t\t\t\t\t<\/div>\n\t\t<\/div>\n\t\t\t\t\t<\/div>\n\t\t<\/section>\n\t\t\t\t\t<\/div>\n\t\t<\/div>\n\t\t\t\t\t<\/div>\n\t\t<\/section>\n\t\t\t\t<section class=\"elementor-section elementor-top-section elementor-element elementor-element-e378984 elementor-section-boxed elementor-section-height-default elementor-section-height-default sc_fly_static\" data-id=\"e378984\" data-element_type=\"section\" data-e-type=\"section\" id=\"cv\" data-settings=\"{&quot;_ha_eqh_enable&quot;:false}\">\n\t\t\t\t\t\t<div class=\"elementor-container elementor-column-gap-extended\">\n\t\t\t\t\t<div class=\"elementor-column elementor-col-100 elementor-top-column elementor-element elementor-element-f376486 sc_content_align_inherit sc_layouts_column_icons_position_left sc_fly_static\" data-id=\"f376486\" data-element_type=\"column\" data-e-type=\"column\">\n\t\t\t<div class=\"elementor-widget-wrap elementor-element-populated\">\n\t\t\t\t\t\t<div class=\"elementor-element elementor-element-2ecb3f2 sc_fly_static elementor-widget elementor-widget-trx_sc_title\" data-id=\"2ecb3f2\" data-element_type=\"widget\" data-e-type=\"widget\" data-widget_type=\"trx_sc_title.default\">\n\t\t\t\t<div class=\"elementor-widget-container\">\n\t\t\t\t\t<div\t\tclass=\"sc_title sc_title_default\" ><h3 class=\"sc_item_title sc_title_title sc_item_title_style_default sc_item_title_tag\"\n\t\t\t><span class=\"sc_item_title_text\">CV G\u00f6nder<\/span><\/h3><div class=\"sc_item_descr sc_title_descr\"><p>Kariyerinizde yeni bir i\u015f f\u0131rsat\u0131 ar\u0131yorsan\u0131z do\u011fru yerdesiniz. \u0130htiya\u00e7lar\u0131n\u0131z\u0131 anlamak, becerilerinize ve deneyiminize en uygun rol\u00fc ve \u015firketi sunmak i\u00e7in sizi \u00e7ok iyi dinliyoruz. Bizi kariyer dan\u0131\u015fman\u0131n\u0131z olarak g\u00f6rmenizi istiyoruz. Size en uygun olabilecek f\u0131rsat\u0131 birlikte de\u011ferlendirip, kariyerinizde en iyi hamleyi yapabilmeniz ad\u0131na size tavsiyeler sunuyor    ve dan\u0131\u015fmanl\u0131k veriyoruz.<\/p>\n<p>L\u00fctfen bize CV'nizi g\u00f6nderin ve ne tarz i\u015f f\u0131rsatlar\u0131n\u0131 de\u011ferlendirdi\u011finizi i\u00e7eren mesaj\u0131n\u0131z\u0131 bizimle payla\u015f\u0131n. Dan\u0131\u015fmanlar\u0131m\u0131z beklentilerinize uygun olan i\u015f f\u0131rsatlar\u0131nda sizinle ileti\u015fime ge\u00e7ecektir.<\/p>\n<\/div><\/div>\t\t\t\t<\/div>\n\t\t\t\t<\/div>\n\t\t\t\t<div class=\"elementor-element elementor-element-2650478 elementor-button-align-stretch sc_fly_static elementor-widget elementor-widget-form\" data-id=\"2650478\" data-element_type=\"widget\" data-e-type=\"widget\" data-settings=\"{&quot;step_next_label&quot;:&quot;Next&quot;,&quot;step_previous_label&quot;:&quot;Previous&quot;,&quot;button_width&quot;:&quot;100&quot;,&quot;step_type&quot;:&quot;number_text&quot;,&quot;step_icon_shape&quot;:&quot;circle&quot;}\" data-widget_type=\"form.default\">\n\t\t\t\t<div class=\"elementor-widget-container\">\n\t\t\t\t\t\t\t<form class=\"elementor-form\" method=\"post\" name=\"CV G\u00f6nder\" action=\"\">\n\t\t\t<input type=\"hidden\" name=\"post_id\" value=\"42212\"\/>\n\t\t\t<input type=\"hidden\" name=\"form_id\" value=\"2650478\"\/>\n\t\t\t<input type=\"hidden\" name=\"referer_title\" value=\"CV G\u00f6nder - Zenith HR\" \/>\n\n\t\t\t\t\t\t\t<input type=\"hidden\" name=\"queried_id\" value=\"42212\"\/>\n\t\t\t\n\t\t\t<div class=\"elementor-form-fields-wrapper elementor-labels-above\">\n\t\t\t\t\t\t\t\t<div class=\"elementor-field-type-text elementor-field-group elementor-column elementor-field-group-name elementor-col-50 elementor-field-required\">\n\t\t\t\t\t\t\t\t\t\t\t\t<label for=\"form-field-name\" class=\"elementor-field-label\">\n\t\t\t\t\t\t\t\tAd\u0131 Soyad\u0131\t\t\t\t\t\t\t<\/label>\n\t\t\t\t\t\t\t\t\t\t\t\t\t\t<input size=\"1\" type=\"text\" name=\"form_fields[name]\" id=\"form-field-name\" class=\"elementor-field elementor-size-md  elementor-field-textual\" required=\"required\">\n\t\t\t\t\t\t\t\t\t\t\t<\/div>\n\t\t\t\t\t\t\t\t<div class=\"elementor-field-type-email elementor-field-group elementor-column elementor-field-group-field_a9d1868 elementor-col-50 elementor-field-required\">\n\t\t\t\t\t\t\t\t\t\t\t\t<label for=\"form-field-field_a9d1868\" class=\"elementor-field-label\">\n\t\t\t\t\t\t\t\tE-posta Adresi\t\t\t\t\t\t\t<\/label>\n\t\t\t\t\t\t\t\t\t\t\t\t\t\t<input size=\"1\" type=\"email\" name=\"form_fields[field_a9d1868]\" id=\"form-field-field_a9d1868\" class=\"elementor-field elementor-size-md  elementor-field-textual\" required=\"required\">\n\t\t\t\t\t\t\t\t\t\t\t<\/div>\n\t\t\t\t\t\t\t\t<div class=\"elementor-field-type-tel elementor-field-group elementor-column elementor-field-group-field_a400716 elementor-col-50 elementor-field-required\">\n\t\t\t\t\t\t\t\t\t\t\t\t<label for=\"form-field-field_a400716\" class=\"elementor-field-label\">\n\t\t\t\t\t\t\t\tCep Telefonu\t\t\t\t\t\t\t<\/label>\n\t\t\t\t\t\t\t\t<input size=\"1\" type=\"tel\" name=\"form_fields[field_a400716]\" id=\"form-field-field_a400716\" class=\"elementor-field elementor-size-md  elementor-field-textual\" required=\"required\" pattern=\"[0-9()#&amp;+*-=.]+\" title=\"Only numbers and phone characters (#, -, *, etc) are accepted.\">\n\n\t\t\t\t\t\t<\/div>\n\t\t\t\t\t\t\t\t<div class=\"elementor-field-type-text elementor-field-group elementor-column elementor-field-group-field_53eb01d elementor-col-50 elementor-field-required\">\n\t\t\t\t\t\t\t\t\t\t\t\t<label for=\"form-field-field_53eb01d\" class=\"elementor-field-label\">\n\t\t\t\t\t\t\t\tBa\u015fvurdu\u011funuz Pozisyon\t\t\t\t\t\t\t<\/label>\n\t\t\t\t\t\t\t\t\t\t\t\t\t\t<input size=\"1\" type=\"text\" name=\"form_fields[field_53eb01d]\" id=\"form-field-field_53eb01d\" class=\"elementor-field elementor-size-md  elementor-field-textual\" required=\"required\">\n\t\t\t\t\t\t\t\t\t\t\t<\/div>\n\t\t\t\t\t\t\t\t<div class=\"elementor-field-type-url elementor-field-group elementor-column elementor-field-group-field_d742166 elementor-col-50 elementor-field-required\">\n\t\t\t\t\t\t\t\t\t\t\t\t<label for=\"form-field-field_d742166\" class=\"elementor-field-label\">\n\t\t\t\t\t\t\t\tLinkedIn Profili\t\t\t\t\t\t\t<\/label>\n\t\t\t\t\t\t\t\t\t\t\t\t\t\t<input size=\"1\" type=\"url\" name=\"form_fields[field_d742166]\" id=\"form-field-field_d742166\" class=\"elementor-field elementor-size-md  elementor-field-textual\" required=\"required\">\n\t\t\t\t\t\t\t\t\t\t\t<\/div>\n\t\t\t\t\t\t\t\t<div class=\"elementor-field-type-upload elementor-field-group elementor-column elementor-field-group-field_c5e9dbb elementor-col-50 elementor-field-required\">\n\t\t\t\t\t\t\t\t\t\t\t\t<label for=\"form-field-field_c5e9dbb\" class=\"elementor-field-label\">\n\t\t\t\t\t\t\t\tCV nizi Y\u00fckleyiniz\t\t\t\t\t\t\t<\/label>\n\t\t\t\t\t\t\t\t<input type=\"file\" name=\"form_fields[field_c5e9dbb]\" id=\"form-field-field_c5e9dbb\" class=\"elementor-field elementor-size-md  elementor-upload-field\" required=\"required\" data-maxsize=\"7\" data-maxsize-message=\"This file exceeds the maximum allowed size.\">\n\n\t\t\t\t\t\t<\/div>\n\t\t\t\t\t\t\t\t<div class=\"elementor-field-type-textarea elementor-field-group elementor-column elementor-field-group-message elementor-col-100\">\n\t\t\t\t\t\t\t\t\t\t\t\t<label for=\"form-field-message\" class=\"elementor-field-label\">\n\t\t\t\t\t\t\t\tMesaj\u0131n\u0131z\t\t\t\t\t\t\t<\/label>\n\t\t\t\t\t\t<textarea class=\"elementor-field-textual elementor-field  elementor-size-md\" name=\"form_fields[message]\" id=\"form-field-message\" rows=\"4\"><\/textarea>\t\t\t\t<\/div>\n\t\t\t\t\t\t\t\t<div class=\"elementor-field-type-acceptance elementor-field-group elementor-column elementor-field-group-field_bc2a90e elementor-col-100 elementor-field-required\">\n\t\t\t\t\t\t\t<div class=\"elementor-field-subgroup\">\n\t\t\t<span class=\"elementor-field-option\">\n\t\t\t\t<input type=\"checkbox\" name=\"form_fields[field_bc2a90e]\" id=\"form-field-field_bc2a90e\" class=\"elementor-field elementor-size-md  elementor-acceptance-field\" required=\"required\">\n\t\t\t\t<label for=\"form-field-field_bc2a90e\">Payla\u015ft\u0131\u011f\u0131m bilgilerin, Zenith HR g\u00fcvencesi alt\u0131nda oldu\u011funu ve Zenith HR\u2019\u0131n KVKK kapsam\u0131nda bulunan<a href=\"\/tr\/kvkk-aydinlatma-metni\/\" target=\"_blank\">\u200b Ayd\u0131nlatma Metni\u2019ni <\/a>\u200b okudu\u011fumu, anlad\u0131\u011f\u0131m\u0131, onay verdi\u011fimi ve kabul etti\u011fimi beyan ederim.<\/label>\t\t\t<\/span>\n\t\t<\/div>\n\t\t\t\t\t\t<\/div>\n\t\t\t\t\t\t\t\t<div class=\"elementor-field-type-acceptance elementor-field-group elementor-column elementor-field-group-field_e8470b2 elementor-col-100 elementor-field-required\">\n\t\t\t\t\t\t\t<div class=\"elementor-field-subgroup\">\n\t\t\t<span class=\"elementor-field-option\">\n\t\t\t\t<input type=\"checkbox\" name=\"form_fields[field_e8470b2]\" id=\"form-field-field_e8470b2\" class=\"elementor-field elementor-size-md  elementor-acceptance-field\" required=\"required\">\n\t\t\t\t<label for=\"form-field-field_e8470b2\">Ki\u015fisel verilerimin i\u015flenmesi ve aktar\u0131lmas\u0131yla ilgili olarak, Zenith HR\u2019\u0131n KVVK kapsam\u0131nda bulunan <a href=\"\/tr\/acikrizametni\/\" target=\"_blank\">\u200b A\u00e7\u0131k R\u0131za Metni\u2019ni <\/a> okudu\u011fumu, anlad\u0131\u011f\u0131m\u0131, onay verdi\u011fimi ve kabul etti\u011fimi beyan ederim.<\/label>\t\t\t<\/span>\n\t\t<\/div>\n\t\t\t\t\t\t<\/div>\n\t\t\t\t\t\t\t\t<div class=\"elementor-field-type-recaptcha_v3 elementor-field-group elementor-column elementor-field-group-field_f84e2cd elementor-col-100 recaptcha_v3-bottomright\">\n\t\t\t\t\t<div class=\"elementor-field\" id=\"form-field-field_f84e2cd\"><div class=\"elementor-g-recaptcha\" data-sitekey=\"6LeTyBcrAAAAAANuA3BO0NMTx3Ld3lm2nBEdudFv\" data-type=\"v3\" data-action=\"Form\" data-badge=\"bottomright\" data-size=\"invisible\"><\/div><\/div>\t\t\t\t<\/div>\n\t\t\t\t\t\t\t\t<div class=\"elementor-field-group elementor-column elementor-field-type-submit elementor-col-100 e-form__buttons\">\n\t\t\t\t\t<button class=\"elementor-button elementor-size-lg\" type=\"submit\">\n\t\t\t\t\t\t<span class=\"elementor-button-content-wrapper\">\n\t\t\t\t\t\t\t\t\t\t\t\t\t\t\t\t\t\t\t\t\t\t<span class=\"elementor-button-text\">G\u00f6nder<\/span>\n\t\t\t\t\t\t\t\t\t\t\t\t\t<\/span>\n\t\t\t\t\t<\/button>\n\t\t\t\t<\/div>\n\t\t\t<\/div>\n\t\t<input type=\"hidden\" name=\"trp-form-language\" value=\"tr\"\/><\/form>\n\t\t\t\t\t\t<\/div>\n\t\t\t\t<\/div>\n\t\t\t\t\t<\/div>\n\t\t<\/div>\n\t\t\t\t\t<\/div>\n\t\t<\/section>\n\t\t\t\t<section class=\"elementor-section elementor-top-section elementor-element elementor-element-071e0c0 elementor-section-boxed elementor-section-height-default elementor-section-height-default sc_fly_static\" data-id=\"071e0c0\" data-element_type=\"section\" data-e-type=\"section\" data-settings=\"{&quot;_ha_eqh_enable&quot;:false}\">\n\t\t\t\t\t\t<div class=\"elementor-container elementor-column-gap-extended\">\n\t\t\t\t\t<div class=\"elementor-column elementor-col-100 elementor-top-column elementor-element elementor-element-7f6ab6e sc_content_align_inherit sc_layouts_column_icons_position_left sc_fly_static\" data-id=\"7f6ab6e\" data-element_type=\"column\" data-e-type=\"column\">\n\t\t\t<div class=\"elementor-widget-wrap elementor-element-populated\">\n\t\t\t\t\t\t<div class=\"elementor-element elementor-element-6c57048 sc_fly_static elementor-widget elementor-widget-html\" data-id=\"6c57048\" data-element_type=\"widget\" data-e-type=\"widget\" data-widget_type=\"html.default\">\n\t\t\t\t<div class=\"elementor-widget-container\">\n\t\t\t\t\t<script>\nwindow.onload = function() {\n    var pageTitle = localStorage.getItem('pageTitle'); \/\/ Ba\u015fvuru sayfas\u0131ndaki ba\u015fl\u0131k\n    var currentUrl = localStorage.getItem('currentUrl'); \/\/ Ba\u015fvuru sayfas\u0131ndaki URL\n    \n    \/\/ Formdaki gizli alanlar\u0131 bulup de\u011ferlerini at\u0131yoruz\n    var titleField = document.getElementById('form-field-bilan'); \/\/ Gizli ba\u015fl\u0131k alan\u0131\n    var urlField = document.getElementById('form-field-blink'); \/\/ Gizli URL alan\u0131\n    \n    if (titleField) {\n        titleField.value = pageTitle; \/\/ Ba\u015fl\u0131k bilgisini gizli alana aktar\u0131r\n    }\n    \n    if (urlField) {\n        urlField.value = currentUrl; \/\/ URL bilgisini gizli alana aktar\u0131r\n    }\n};\n\n<\/script>\n\n<style>\n    .elementor-field-type-url.elementor-field-group.elementor-column.elementor-field-group-blink.elementor-col-100 {\n    display: none;\n}\n<\/style>\t\t\t\t<\/div>\n\t\t\t\t<\/div>\n\t\t\t\t\t<\/div>\n\t\t<\/div>\n\t\t\t\t\t<\/div>\n\t\t<\/section>\n\t\t\t\t<\/div>","protected":false},"excerpt":{"rendered":"<p>Kariyerinizde yeni bir i\u015f f\u0131rsat\u0131 ar\u0131yorsan\u0131z do\u011fru yerdesiniz! CV G\u00f6nder Kariyerinizde yeni bir i\u015f f\u0131rsat\u0131 ar\u0131yorsan\u0131z do\u011fru yerdesiniz. \u0130htiya\u00e7lar\u0131n\u0131z\u0131 anlamak, becerilerinize ve deneyiminize en uygun rol\u00fc ve \u015firketi sunmak i\u00e7in&hellip;<\/p>","protected":false},"author":1,"featured_media":0,"parent":0,"menu_order":0,"comment_status":"closed","ping_status":"closed","template":"","meta":{"footnotes":""},"class_list":["post-42212","page","type-page","status-publish","hentry"],"yoast_head":"<!-- This site is optimized with the Yoast SEO plugin v27.4 - https:\/\/yoast.com\/product\/yoast-seo-wordpress\/ -->\n<title>CV G\u00f6nder - Zenith HR<\/title>\n<meta name=\"robots\" content=\"index, follow, max-snippet:-1, max-image-preview:large, max-video-preview:-1\" \/>\n<link rel=\"canonical\" href=\"https:\/\/zenith-hr.com\/tr\/cv-gonder\/\" \/>\n<meta property=\"og:locale\" content=\"tr_TR\" \/>\n<meta property=\"og:type\" content=\"article\" \/>\n<meta property=\"og:title\" content=\"CV G\u00f6nder - Zenith HR\" \/>\n<meta property=\"og:description\" content=\"Kariyerinizde yeni bir i\u015f f\u0131rsat\u0131 ar\u0131yorsan\u0131z do\u011fru yerdesiniz! CV G\u00f6nder Kariyerinizde yeni bir i\u015f f\u0131rsat\u0131 ar\u0131yorsan\u0131z do\u011fru yerdesiniz. \u0130htiya\u00e7lar\u0131n\u0131z\u0131 anlamak, becerilerinize ve deneyiminize en uygun rol\u00fc ve \u015firketi sunmak i\u00e7in&hellip;\" \/>\n<meta property=\"og:url\" content=\"https:\/\/zenith-hr.com\/tr\/cv-gonder\/\" \/>\n<meta property=\"og:site_name\" content=\"Zenith HR\" \/>\n<meta property=\"article:modified_time\" content=\"2025-06-02T14:00:58+00:00\" \/>\n<meta property=\"og:image\" content=\"https:\/\/zenith-hr.com\/wp-content\/uploads\/2025\/03\/urun_yonetimi.jpg\" \/>\n\t<meta property=\"og:image:width\" content=\"750\" \/>\n\t<meta property=\"og:image:height\" content=\"500\" \/>\n\t<meta property=\"og:image:type\" content=\"image\/jpeg\" \/>\n<meta name=\"twitter:card\" content=\"summary_large_image\" \/>\n<meta name=\"twitter:label1\" content=\"Tahmini okuma s\u00fcresi\" \/>\n\t<meta name=\"twitter:data1\" content=\"1 dakika\" \/>\n<script type=\"application\/ld+json\" class=\"yoast-schema-graph\">{\"@context\":\"https:\\\/\\\/schema.org\",\"@graph\":[{\"@type\":\"WebPage\",\"@id\":\"https:\\\/\\\/zenith-hr.com\\\/tr\\\/cv-gonder\\\/\",\"url\":\"https:\\\/\\\/zenith-hr.com\\\/tr\\\/cv-gonder\\\/\",\"name\":\"CV G\u00f6nder - Zenith HR\",\"isPartOf\":{\"@id\":\"https:\\\/\\\/zenith-hr.com\\\/tr\\\/#website\"},\"datePublished\":\"2025-01-26T23:36:29+00:00\",\"dateModified\":\"2025-06-02T14:00:58+00:00\",\"breadcrumb\":{\"@id\":\"https:\\\/\\\/zenith-hr.com\\\/tr\\\/cv-gonder\\\/#breadcrumb\"},\"inLanguage\":\"tr\",\"potentialAction\":[{\"@type\":\"ReadAction\",\"target\":[\"https:\\\/\\\/zenith-hr.com\\\/tr\\\/cv-gonder\\\/\"]}]},{\"@type\":\"BreadcrumbList\",\"@id\":\"https:\\\/\\\/zenith-hr.com\\\/tr\\\/cv-gonder\\\/#breadcrumb\",\"itemListElement\":[{\"@type\":\"ListItem\",\"position\":1,\"name\":\"Home\",\"item\":\"https:\\\/\\\/zenith-hr.com\\\/\"},{\"@type\":\"ListItem\",\"position\":2,\"name\":\"CV G\u00f6nder\"}]},{\"@type\":\"WebSite\",\"@id\":\"https:\\\/\\\/zenith-hr.com\\\/tr\\\/#website\",\"url\":\"https:\\\/\\\/zenith-hr.com\\\/tr\\\/\",\"name\":\"Zenith HR\",\"description\":\"IT i\u015fe al\u0131m dan\u0131\u015fmanl\u0131\u011f\u0131 uzmanl\u0131k gerektirir Zenith HR, m\u00fc\u015fterilerine y\u00fcksek nitelikli teknoloji pozisyonlar\u0131 ve di\u011fer i\u015f fonksiyonlar\u0131 i\u00e7in i\u015fe al\u0131m ve \u00fcst d\u00fczey y\u00f6netici se\u00e7me ve yerle\u015ftirme hizmetleri sunmaktad\u0131r.\",\"publisher\":{\"@id\":\"https:\\\/\\\/zenith-hr.com\\\/tr\\\/#organization\"},\"potentialAction\":[{\"@type\":\"SearchAction\",\"target\":{\"@type\":\"EntryPoint\",\"urlTemplate\":\"https:\\\/\\\/zenith-hr.com\\\/tr\\\/?s={search_term_string}\"},\"query-input\":{\"@type\":\"PropertyValueSpecification\",\"valueRequired\":true,\"valueName\":\"search_term_string\"}}],\"inLanguage\":\"tr\"},{\"@type\":\"Organization\",\"@id\":\"https:\\\/\\\/zenith-hr.com\\\/tr\\\/#organization\",\"name\":\"Zenith HR\",\"url\":\"https:\\\/\\\/zenith-hr.com\\\/tr\\\/\",\"logo\":{\"@type\":\"ImageObject\",\"inLanguage\":\"tr\",\"@id\":\"https:\\\/\\\/zenith-hr.com\\\/tr\\\/#\\\/schema\\\/logo\\\/image\\\/\",\"url\":\"https:\\\/\\\/zenith-hr.com\\\/wp-content\\\/uploads\\\/2025\\\/01\\\/zenith_hr_logo-site-1.png\",\"contentUrl\":\"https:\\\/\\\/zenith-hr.com\\\/wp-content\\\/uploads\\\/2025\\\/01\\\/zenith_hr_logo-site-1.png\",\"width\":809,\"height\":162,\"caption\":\"Zenith HR\"},\"image\":{\"@id\":\"https:\\\/\\\/zenith-hr.com\\\/tr\\\/#\\\/schema\\\/logo\\\/image\\\/\"}}]}<\/script>\n<!-- \/ Yoast SEO plugin. -->","yoast_head_json":{"title":"CV G\u00f6nder - Zenith HR","robots":{"index":"index","follow":"follow","max-snippet":"max-snippet:-1","max-image-preview":"max-image-preview:large","max-video-preview":"max-video-preview:-1"},"canonical":"https:\/\/zenith-hr.com\/tr\/cv-gonder\/","og_locale":"tr_TR","og_type":"article","og_title":"CV G\u00f6nder - Zenith HR","og_description":"Kariyerinizde yeni bir i\u015f f\u0131rsat\u0131 ar\u0131yorsan\u0131z do\u011fru yerdesiniz! CV G\u00f6nder Kariyerinizde yeni bir i\u015f f\u0131rsat\u0131 ar\u0131yorsan\u0131z do\u011fru yerdesiniz. \u0130htiya\u00e7lar\u0131n\u0131z\u0131 anlamak, becerilerinize ve deneyiminize en uygun rol\u00fc ve \u015firketi sunmak i\u00e7in&hellip;","og_url":"https:\/\/zenith-hr.com\/tr\/cv-gonder\/","og_site_name":"Zenith HR","article_modified_time":"2025-06-02T14:00:58+00:00","og_image":[{"width":750,"height":500,"url":"https:\/\/zenith-hr.com\/wp-content\/uploads\/2025\/03\/urun_yonetimi.jpg","type":"image\/jpeg"}],"twitter_card":"summary_large_image","twitter_misc":{"Tahmini okuma s\u00fcresi":"1 dakika"},"schema":{"@context":"https:\/\/schema.org","@graph":[{"@type":"WebPage","@id":"https:\/\/zenith-hr.com\/tr\/cv-gonder\/","url":"https:\/\/zenith-hr.com\/tr\/cv-gonder\/","name":"CV G\u00f6nder - Zenith HR","isPartOf":{"@id":"https:\/\/zenith-hr.com\/tr\/#website"},"datePublished":"2025-01-26T23:36:29+00:00","dateModified":"2025-06-02T14:00:58+00:00","breadcrumb":{"@id":"https:\/\/zenith-hr.com\/tr\/cv-gonder\/#breadcrumb"},"inLanguage":"tr","potentialAction":[{"@type":"ReadAction","target":["https:\/\/zenith-hr.com\/tr\/cv-gonder\/"]}]},{"@type":"BreadcrumbList","@id":"https:\/\/zenith-hr.com\/tr\/cv-gonder\/#breadcrumb","itemListElement":[{"@type":"ListItem","position":1,"name":"Home","item":"https:\/\/zenith-hr.com\/"},{"@type":"ListItem","position":2,"name":"CV G\u00f6nder"}]},{"@type":"WebSite","@id":"https:\/\/zenith-hr.com\/tr\/#website","url":"https:\/\/zenith-hr.com\/tr\/","name":"Zenith HR","description":"IT i\u015fe al\u0131m dan\u0131\u015fmanl\u0131\u011f\u0131 uzmanl\u0131k gerektirir Zenith HR, m\u00fc\u015fterilerine y\u00fcksek nitelikli teknoloji pozisyonlar\u0131 ve di\u011fer i\u015f fonksiyonlar\u0131 i\u00e7in i\u015fe al\u0131m ve \u00fcst d\u00fczey y\u00f6netici se\u00e7me ve yerle\u015ftirme hizmetleri sunmaktad\u0131r.","publisher":{"@id":"https:\/\/zenith-hr.com\/tr\/#organization"},"potentialAction":[{"@type":"SearchAction","target":{"@type":"EntryPoint","urlTemplate":"https:\/\/zenith-hr.com\/tr\/?s={search_term_string}"},"query-input":{"@type":"PropertyValueSpecification","valueRequired":true,"valueName":"search_term_string"}}],"inLanguage":"tr"},{"@type":"Organization","@id":"https:\/\/zenith-hr.com\/tr\/#organization","name":"Zenith HR","url":"https:\/\/zenith-hr.com\/tr\/","logo":{"@type":"ImageObject","inLanguage":"tr","@id":"https:\/\/zenith-hr.com\/tr\/#\/schema\/logo\/image\/","url":"https:\/\/zenith-hr.com\/wp-content\/uploads\/2025\/01\/zenith_hr_logo-site-1.png","contentUrl":"https:\/\/zenith-hr.com\/wp-content\/uploads\/2025\/01\/zenith_hr_logo-site-1.png","width":809,"height":162,"caption":"Zenith HR"},"image":{"@id":"https:\/\/zenith-hr.com\/tr\/#\/schema\/logo\/image\/"}}]}},"_hostinger_reach_plugin_has_subscription_block":false,"_hostinger_reach_plugin_is_elementor":false,"_links":{"self":[{"href":"https:\/\/zenith-hr.com\/tr\/wp-json\/wp\/v2\/pages\/42212","targetHints":{"allow":["GET"]}}],"collection":[{"href":"https:\/\/zenith-hr.com\/tr\/wp-json\/wp\/v2\/pages"}],"about":[{"href":"https:\/\/zenith-hr.com\/tr\/wp-json\/wp\/v2\/types\/page"}],"author":[{"embeddable":true,"href":"https:\/\/zenith-hr.com\/tr\/wp-json\/wp\/v2\/users\/1"}],"replies":[{"embeddable":true,"href":"https:\/\/zenith-hr.com\/tr\/wp-json\/wp\/v2\/comments?post=42212"}],"version-history":[{"count":51,"href":"https:\/\/zenith-hr.com\/tr\/wp-json\/wp\/v2\/pages\/42212\/revisions"}],"predecessor-version":[{"id":45520,"href":"https:\/\/zenith-hr.com\/tr\/wp-json\/wp\/v2\/pages\/42212\/revisions\/45520"}],"wp:attachment":[{"href":"https:\/\/zenith-hr.com\/tr\/wp-json\/wp\/v2\/media?parent=42212"}],"curies":[{"name":"wp","href":"https:\/\/api.w.org\/{rel}","templated":true}]}}