{"id":43785,"date":"2025-02-28T12:05:25","date_gmt":"2025-02-28T09:05:25","guid":{"rendered":"https:\/\/zenith-hr.com\/?page_id=43785"},"modified":"2025-02-28T18:51:19","modified_gmt":"2025-02-28T15:51:19","slug":"cerez-politikasi","status":"publish","type":"page","link":"https:\/\/zenith-hr.com\/tr\/cerez-politikasi\/","title":{"rendered":"\u00c7erez Politikas\u0131"},"content":{"rendered":"<p>Zenith HR olarak internet sitelerimizden en verimli \u015fekilde faydalanabilmeniz ve kullan\u0131c\u0131 deneyiminizi geli\u015ftirebilmek i\u00e7in \u00e7erezler kullanmaktay\u0131z. \u00c7erez kullan\u0131lmas\u0131n\u0131 tercih etmezseniz taray\u0131c\u0131n\u0131z\u0131n ayarlar\u0131ndan veya a\u015fa\u011f\u0131daki detayl\u0131 \u00e7erez kald\u0131r\u0131m a\u00e7\u0131klamas\u0131ndan \u00e7erezleri silebilir ya da engelleyebilirsiniz. Ancak bunun internet sitelerimizin kullan\u0131m\u0131n\u0131z\u0131 etkileyebilece\u011fini hat\u0131rlatmak isteriz. Taray\u0131c\u0131n\u0131zdan \u00e7erez ayarlar\u0131n\u0131z\u0131 de\u011fi\u015ftirmedi\u011finiz s\u00fcrece internet sitelerimizde \u00e7erez kullan\u0131m\u0131n\u0131 kabul etti\u011finizi varsayaca\u011f\u0131z. Toplanan verilerle ilgili d\u00fczenlemelere internet sitelerimizde yer alan Ayd\u0131nlatma Metninden ula\u015fabilirsiniz.<\/p>\n<p>\u00c7erezlerimiz, internet sitelerimizi kullanman\u0131z s\u0131ras\u0131nda size ki\u015fiselle\u015ftirilmi\u015f bir deneyim sunmak, hizmetlerimizi geli\u015ftirmek ve deneyiminizi iyile\u015ftirmek i\u00e7in kullan\u0131l\u0131r.<\/p>\n<p>\u00c7erezler kullan\u0131m ama\u00e7 ve \u015fekillerine g\u00f6re farkl\u0131 ba\u015fl\u0131klarda de\u011ferlendirilebilirler. Bu ba\u015fl\u0131klardan baz\u0131lar\u0131 a\u015fa\u011f\u0131da a\u00e7\u0131klanm\u0131\u015ft\u0131r;<\/p>\n<p><strong>Oturum \u00e7erezleri:\u00a0<\/strong>Ge\u00e7ici \u00e7erezlerdir, taray\u0131c\u0131n\u0131z\u0131 kapatt\u0131\u011f\u0131n\u0131zda silinirler, yani kal\u0131c\u0131 de\u011fillerdir. Sitelerimizin ve sizin, ziyaretinizde g\u00fcvenli\u011fini, s\u00fcreklili\u011fini sa\u011flamak gibi ama\u00e7larla kullan\u0131l\u0131rlar.<\/p>\n<p><strong>Kal\u0131c\u0131 \u00e7erezler:<\/strong>\u00a0Sizin bir hareketinizle ya da \u00e7erezin i\u00e7erisindeki s\u00fcre aral\u0131\u011f\u0131 sona erene kadar taray\u0131c\u0131n\u0131z\u0131n alt klas\u00f6rlerinde tutulurlar. Bu \u00e7erezler sizin bilgilerinizi ve se\u00e7imlerinizi bir sonraki ziyaretinizde internet sitemizin hat\u0131rlamas\u0131na yard\u0131mc\u0131 olurlar.<\/p>\n<p><strong>Birinci ve \u00fc\u00e7\u00fcnc\u00fc ki\u015fi \u00e7erezler:<\/strong>\u00a0Birinci ki\u015fi \u00e7erezler sitemiz taraf\u0131ndan kullan\u0131lan \u00e7erezlerdir. \u00dc\u00e7\u00fcnc\u00fc ki\u015fi \u00e7erezler ise sitemiz haricinde bilgisayar\u0131n\u0131za kurulan \u00e7erezlerdir.<\/p>\n<p><strong>Zorunlu \u00e7erezler:\u00a0 https:\/\/zenith-hr.com<\/strong>\u00a0internet sitelerinin d\u00fczg\u00fcn \u015fekilde \u00e7al\u0131\u015fabilmesi i\u00e7in, \u00f6zelliklerinin d\u00fczg\u00fcn \u015fekilde sunulabilmesi amac\u0131yla kurulan anonim nitelikte \u00e7erezlerdir.<\/p>\n<p><strong>\u0130\u015flevsel ve analitik \u00e7erezler:<\/strong>\u00a0Tercihlerinizin hat\u0131rlanmas\u0131 ve gezinme deneyiminizi geli\u015ftirmemize yarayan i\u015flevsel \u00e7erezler ve hangi sayfalar\u0131m\u0131z\u0131n daha fazla ilgi \u00e7ekti\u011fini, hangi kaynaklar\u0131n daha \u00e7ok g\u00f6r\u00fcnt\u00fclendi\u011fini g\u00f6rmemize yarayan, sitelerimizdeki trafi\u011fi g\u00f6rerek bu trafi\u011fe uygun hizmet sa\u011flamam\u0131z\u0131 sa\u011flayan analitik \u00e7erezler kullan\u0131lmaktad\u0131r. Bu nitelikte \u00e7erezler de anonimdir.<\/p>\n<p>Zenith HR \u2019nin, internet sitesi ve\/veya sitelerinde veya mobil web de oturum \u00e7erezleri, zorunlu \u00e7erezler, kal\u0131c\u0131 \u00e7erezler ile i\u015flevsel ve analitik \u00e7erezleri kullanmaktad\u0131r.<\/p>\n<p><strong>Sitelerimizin kulland\u0131\u011f\u0131 zorunlu ve birinci parti olanlar haricinde kullan\u0131lan \u00e7erezler \u015funlard\u0131r:<\/strong><\/p>\n<p><strong>Google:<\/strong>\u00a0Google \u00e7erezleri pek \u00e7ok ama\u00e7la kullan\u0131labilir. \u00d6rne\u011fin, g\u00fcvenli arama tercihlerinizi hat\u0131rlamak, size daha alakal\u0131 reklamlar g\u00f6stermek, bir sayfaya ka\u00e7 ziyaret\u00e7i geldi\u011fini belirlemek, Google taraf\u0131ndan sunulan hizmetleri kullanman\u0131za ve bunlara kaydolman\u0131za yard\u0131mc\u0131 olmak, verilerinizi korumak veya reklam ayarlar\u0131n\u0131z\u0131 hat\u0131rlamak i\u00e7in kullan\u0131r.<br \/>\n<strong>\u00a0\u00a0\u00a0\u00a0\u00a0\u00a0\u00a0\u00a0\u00a0\u00a0\u00a0\u00a0\u00a0\u00a0\u00a0\u00a0\u00a0\u00a0\u00a0\u00a0\u00a0\u00a0\u00a0\u00a0\u00a0\u00a0\u00a0\u00a0\u00a0\u00a0\u00a0\u00a0\u00a0\u00a0\u00a0\u00a0\u00a0\u00a0\u00a0\u00a0\u00a0\u00a0\u00a0\u00a0\u00a0\u00a0\u00a0\u00a0\u00a0\u00a0\u00a0\u00a0\u00a0\u00a0\u00a0\u00a0\u00a0\u00a0\u00a0\u00a0\u00a0\u00a0\u00a0\u00a0\u00a0\u00a0\u00a0\u00a0\u00a0\u00a0\u00a0\u00a0\u00a0\u00a0\u00a0<\/strong><br \/>\n<strong>Google Analytics:<\/strong>\u00a0Kullan\u0131c\u0131lar\u0131n internet sitesini nas\u0131l kulland\u0131\u011f\u0131n\u0131 analiz eden bir web analiz arac\u0131d\u0131r. Anonim olan bilgilerin yan\u0131 s\u0131ra internet sitesini kullanman\u0131zla ilgili ki\u015fisel veri niteli\u011findeki bilgiler (\u0130sim, adres, e-mail adresi, IP adresi) taray\u0131c\u0131n\u0131z taraf\u0131ndan Google\u2019a g\u00f6nderilir ve Google taraf\u0131ndan i\u015flenir.<\/p>\n<p><strong>Google Tag Manager:<\/strong>\u00a0Bu \u00e7erezler bir dahaki ziyaretinizde sizi tan\u0131mam\u0131za izin veren cihaz\u0131n\u0131za \u00f6zg\u00fcn ve rastgele olu\u015fturulmu\u015f bir kimlik (ID) atayarak internet sitesi kullan\u0131m\u0131n\u0131z\u0131 analiz etmemizi sa\u011flayacakt\u0131r. Bilgileriniz taray\u0131c\u0131n\u0131z taraf\u0131ndan Google\u2019a g\u00f6nderilir ve Google taraf\u0131ndan i\u015flenir.<\/p>\n<p><strong>DoubleClick:\u00a0<\/strong>Google, kendi m\u00fclklerinde reklamlar\u0131 \u00f6zelle\u015ftirmeye yard\u0131mc\u0131 olmas\u0131 i\u00e7in baz\u0131 \u00e7erezler kullan\u0131r. Web genelinde Google taraf\u0131ndan sunulan reklamlar i\u00e7in de bir veya daha fazla \u00e7erez kullan\u0131l\u0131r. Google d\u0131\u015f\u0131ndaki sitelerde kullan\u0131lan ana reklam \u00e7erezlerinden birine \u201cIDE\u201d denir ve taray\u0131c\u0131larda doubleclick.net alan ad\u0131 alt\u0131nda depolan\u0131r.<\/p>\n<p>Kullan\u0131c\u0131 internet taray\u0131c\u0131lar\u0131n\u0131n &#8220;yard\u0131m&#8221; dosyas\u0131nda verilen talimatlar\u0131 izleyerek veya &#8221;\u00a0<a href=\"https:\/\/www.allaboutcookies.org\/\" target=\"_blank\" rel=\"noopener\" data-cke-saved-href=\"https:\/\/www.allaboutcookies.org\/\">www.allaboutcookies.org\u00a0<\/a>&#8221; veya &#8220;<a href=\"https:\/\/www.youronlinechoices.eu\/\" target=\"_blank\" rel=\"noopener\" data-cke-saved-href=\"https:\/\/www.youronlinechoices.eu\/\">www.youronlinechoices.eu\u00a0<\/a>&#8221; adresini ziyaret ederek kal\u0131c\u0131 \u00e7erezleri kald\u0131rabilir ve hem oturum \u00e7erezlerini hem de kal\u0131c\u0131 \u00e7erezleri reddedebilir. Kullan\u0131c\u0131 kal\u0131c\u0131 \u00e7erezleri veya oturum \u00e7erezlerini reddetmesi halinde, s\u00f6z konusu web sitesini, veya mobil webi kullanmaya devam edebilir, fakat s\u00f6z konusu mecralar\u0131n t\u00fcm i\u015flevlerine eri\u015femeyebilir veya eri\u015fimi s\u0131n\u0131rl\u0131 olabilir.<\/p>\n<p><strong>\u00c7erezler nas\u0131l silinir?<\/strong><\/p>\n<p>\u00c7erezlerin \u00e7o\u011funun silinmesi kolayd\u0131r.\u00a0Sadece taray\u0131c\u0131n\u0131z\u0131 se\u00e7in ve talimatlar\u0131 izleyin.<br \/>\n\u200b<br \/>\n<strong>Chrome<\/strong><\/p>\n<ol>\n<li>Klavyenizde Ctrl + Shift + Delete tu\u015flar\u0131na bas\u0131n.<\/li>\n<li>Bir zaman aral\u0131\u011f\u0131 se\u00e7in.<\/li>\n<li>&#8216;\u00c7erezler ve di\u011fer site verileri&#8217; onay kutusunu se\u00e7in.<\/li>\n<li>&#8220;Verileri temizle&#8221; d\u00fc\u011fmesini t\u0131klay\u0131n.<\/li>\n<\/ol>\n<p><img fetchpriority=\"high\" decoding=\"async\" class=\"alignnone wp-image-43891 size-full\" src=\"https:\/\/zenith-hr.com\/wp-content\/uploads\/2025\/02\/Chrome.jpg\" alt=\"\" width=\"450\" height=\"470\" srcset=\"https:\/\/zenith-hr.com\/wp-content\/uploads\/2025\/02\/Chrome.jpg 450w, https:\/\/zenith-hr.com\/wp-content\/uploads\/2025\/02\/Chrome-287x300.jpg 287w, https:\/\/zenith-hr.com\/wp-content\/uploads\/2025\/02\/Chrome-11x12.jpg 11w, https:\/\/zenith-hr.com\/wp-content\/uploads\/2025\/02\/Chrome-370x386.jpg 370w, https:\/\/zenith-hr.com\/wp-content\/uploads\/2025\/02\/Chrome-410x428.jpg 410w\" sizes=\"(max-width: 600px) 100vw, 450px\" \/><\/p>\n<h4><strong>Fire fox<\/strong><\/h4>\n<ol>\n<li>Klavyenizde Ctrl + Shift + Delete tu\u015flar\u0131na bas\u0131n.<\/li>\n<li>Temizlenecek bir zaman aral\u0131\u011f\u0131 se\u00e7in.<\/li>\n<li>&#8216;\u00c7erezler&#8217; onay kutusunu se\u00e7in.<\/li>\n<li>&#8220;\u015eimdi temizle&#8221; d\u00fc\u011fmesini t\u0131klay\u0131n.<\/li>\n<\/ol>\n<p><img decoding=\"async\" class=\"alignnone wp-image-43892 size-full\" src=\"https:\/\/zenith-hr.com\/wp-content\/uploads\/2025\/02\/firefox.jpg\" alt=\"\" width=\"450\" height=\"443\" srcset=\"https:\/\/zenith-hr.com\/wp-content\/uploads\/2025\/02\/firefox.jpg 450w, https:\/\/zenith-hr.com\/wp-content\/uploads\/2025\/02\/firefox-300x295.jpg 300w, https:\/\/zenith-hr.com\/wp-content\/uploads\/2025\/02\/firefox-12x12.jpg 12w, https:\/\/zenith-hr.com\/wp-content\/uploads\/2025\/02\/firefox-370x364.jpg 370w, https:\/\/zenith-hr.com\/wp-content\/uploads\/2025\/02\/firefox-410x404.jpg 410w\" sizes=\"(max-width: 600px) 100vw, 450px\" \/><\/p>\n<p><strong>Safari<\/strong><\/p>\n<ol>\n<li>Safari men\u00fcs\u00fcnden Tercihler&#8217; i se\u00e7in.<\/li>\n<li>Gizlilik sekmesine gidin.<\/li>\n<li>&#8216;Web sitesi verilerini y\u00f6net&#8217; i t\u0131klay\u0131n.<\/li>\n<li>&#8216;T\u00fcm\u00fcn\u00fc Kald\u0131r&#8217; \u0131 t\u0131klay\u0131n.<\/li>\n<\/ol>\n<p><img decoding=\"async\" class=\"alignnone wp-image-43893 size-full\" src=\"https:\/\/zenith-hr.com\/wp-content\/uploads\/2025\/02\/safari.jpg\" alt=\"\" width=\"450\" height=\"293\" srcset=\"https:\/\/zenith-hr.com\/wp-content\/uploads\/2025\/02\/safari.jpg 450w, https:\/\/zenith-hr.com\/wp-content\/uploads\/2025\/02\/safari-300x195.jpg 300w, https:\/\/zenith-hr.com\/wp-content\/uploads\/2025\/02\/safari-18x12.jpg 18w, https:\/\/zenith-hr.com\/wp-content\/uploads\/2025\/02\/safari-370x241.jpg 370w, https:\/\/zenith-hr.com\/wp-content\/uploads\/2025\/02\/safari-410x267.jpg 410w\" sizes=\"(max-width: 600px) 100vw, 450px\" \/><\/p>\n<h4><strong>Edge<\/strong><\/h4>\n<ol>\n<li>Klavyenizde Ctrl + Shift + Delete tu\u015flar\u0131na bas\u0131n.<\/li>\n<li>&#8216;\u00c7erezler ve kaydedilmi\u015f web sitesi verileri&#8217; onay kutusunu se\u00e7in.<\/li>\n<li>&#8220;Temizle&#8221; d\u00fc\u011fmesini t\u0131klay\u0131n.<\/li>\n<\/ol>\n<h4><strong><img loading=\"lazy\" decoding=\"async\" class=\"alignnone wp-image-43894 size-full\" src=\"https:\/\/zenith-hr.com\/wp-content\/uploads\/2025\/02\/edge.jpg\" alt=\"\" width=\"283\" height=\"500\" srcset=\"https:\/\/zenith-hr.com\/wp-content\/uploads\/2025\/02\/edge.jpg 283w, https:\/\/zenith-hr.com\/wp-content\/uploads\/2025\/02\/edge-170x300.jpg 170w, https:\/\/zenith-hr.com\/wp-content\/uploads\/2025\/02\/edge-7x12.jpg 7w\" sizes=\"(max-width: 283px) 100vw, 283px\" \/><\/strong><\/h4>\n<p>Internet Explorer<\/p>\n<ol>\n<li>Klavyenizde Ctrl + Shift + Delete tu\u015flar\u0131na bas\u0131n.<\/li>\n<li>&#8216;\u00c7erezler ve web sitesi verileri&#8217; onay kutusunu se\u00e7in.<\/li>\n<li>&#8220;Sil&#8221; d\u00fc\u011fmesini t\u0131klay\u0131n.<\/li>\n<\/ol>\n<p><img loading=\"lazy\" decoding=\"async\" class=\"alignnone wp-image-43895 size-full\" src=\"https:\/\/zenith-hr.com\/wp-content\/uploads\/2025\/02\/explorer.jpg\" alt=\"\" width=\"450\" height=\"612\" srcset=\"https:\/\/zenith-hr.com\/wp-content\/uploads\/2025\/02\/explorer.jpg 450w, https:\/\/zenith-hr.com\/wp-content\/uploads\/2025\/02\/explorer-221x300.jpg 221w, https:\/\/zenith-hr.com\/wp-content\/uploads\/2025\/02\/explorer-9x12.jpg 9w, https:\/\/zenith-hr.com\/wp-content\/uploads\/2025\/02\/explorer-370x503.jpg 370w, https:\/\/zenith-hr.com\/wp-content\/uploads\/2025\/02\/explorer-410x558.jpg 410w\" sizes=\"(max-width: 600px) 100vw, 450px\" \/><\/p>","protected":false},"excerpt":{"rendered":"<p>Zenith HR olarak internet sitelerimizden en verimli \u015fekilde faydalanabilmeniz ve kullan\u0131c\u0131 deneyiminizi geli\u015ftirebilmek i\u00e7in \u00e7erezler kullanmaktay\u0131z. \u00c7erez kullan\u0131lmas\u0131n\u0131 tercih etmezseniz taray\u0131c\u0131n\u0131z\u0131n ayarlar\u0131ndan veya a\u015fa\u011f\u0131daki detayl\u0131 \u00e7erez kald\u0131r\u0131m a\u00e7\u0131klamas\u0131ndan \u00e7erezleri silebilir&hellip;<\/p>","protected":false},"author":1,"featured_media":0,"parent":0,"menu_order":0,"comment_status":"closed","ping_status":"closed","template":"","meta":{"footnotes":""},"class_list":["post-43785","page","type-page","status-publish","hentry"],"yoast_head":"<!-- This site is optimized with the Yoast SEO plugin v27.4 - https:\/\/yoast.com\/product\/yoast-seo-wordpress\/ -->\n<title>\u00c7erez Politikas\u0131 - Zenith HR<\/title>\n<meta name=\"robots\" content=\"index, follow, max-snippet:-1, max-image-preview:large, max-video-preview:-1\" \/>\n<link rel=\"canonical\" href=\"https:\/\/zenith-hr.com\/tr\/cerez-politikasi\/\" \/>\n<meta property=\"og:locale\" content=\"tr_TR\" \/>\n<meta property=\"og:type\" content=\"article\" \/>\n<meta property=\"og:title\" content=\"\u00c7erez Politikas\u0131 - Zenith HR\" \/>\n<meta property=\"og:description\" content=\"Zenith HR olarak internet sitelerimizden en verimli \u015fekilde faydalanabilmeniz ve kullan\u0131c\u0131 deneyiminizi geli\u015ftirebilmek i\u00e7in \u00e7erezler kullanmaktay\u0131z. \u00c7erez kullan\u0131lmas\u0131n\u0131 tercih etmezseniz taray\u0131c\u0131n\u0131z\u0131n ayarlar\u0131ndan veya a\u015fa\u011f\u0131daki detayl\u0131 \u00e7erez kald\u0131r\u0131m a\u00e7\u0131klamas\u0131ndan \u00e7erezleri silebilir&hellip;\" \/>\n<meta property=\"og:url\" content=\"https:\/\/zenith-hr.com\/tr\/cerez-politikasi\/\" \/>\n<meta property=\"og:site_name\" content=\"Zenith HR\" \/>\n<meta property=\"article:modified_time\" content=\"2025-02-28T15:51:19+00:00\" \/>\n<meta property=\"og:image\" content=\"https:\/\/zenith-hr.com\/wp-content\/uploads\/2025\/02\/Chrome.jpg\" \/>\n<meta name=\"twitter:card\" content=\"summary_large_image\" \/>\n<meta name=\"twitter:label1\" content=\"Tahmini okuma s\u00fcresi\" \/>\n\t<meta name=\"twitter:data1\" content=\"4 dakika\" \/>\n<script type=\"application\/ld+json\" class=\"yoast-schema-graph\">{\"@context\":\"https:\\\/\\\/schema.org\",\"@graph\":[{\"@type\":\"WebPage\",\"@id\":\"https:\\\/\\\/zenith-hr.com\\\/tr\\\/cerez-politikasi\\\/\",\"url\":\"https:\\\/\\\/zenith-hr.com\\\/tr\\\/cerez-politikasi\\\/\",\"name\":\"\u00c7erez Politikas\u0131 - Zenith HR\",\"isPartOf\":{\"@id\":\"https:\\\/\\\/zenith-hr.com\\\/tr\\\/#website\"},\"primaryImageOfPage\":{\"@id\":\"https:\\\/\\\/zenith-hr.com\\\/tr\\\/cerez-politikasi\\\/#primaryimage\"},\"image\":{\"@id\":\"https:\\\/\\\/zenith-hr.com\\\/tr\\\/cerez-politikasi\\\/#primaryimage\"},\"thumbnailUrl\":\"https:\\\/\\\/zenith-hr.com\\\/wp-content\\\/uploads\\\/2025\\\/02\\\/Chrome.jpg\",\"datePublished\":\"2025-02-28T09:05:25+00:00\",\"dateModified\":\"2025-02-28T15:51:19+00:00\",\"breadcrumb\":{\"@id\":\"https:\\\/\\\/zenith-hr.com\\\/tr\\\/cerez-politikasi\\\/#breadcrumb\"},\"inLanguage\":\"tr\",\"potentialAction\":[{\"@type\":\"ReadAction\",\"target\":[\"https:\\\/\\\/zenith-hr.com\\\/tr\\\/cerez-politikasi\\\/\"]}]},{\"@type\":\"ImageObject\",\"inLanguage\":\"tr\",\"@id\":\"https:\\\/\\\/zenith-hr.com\\\/tr\\\/cerez-politikasi\\\/#primaryimage\",\"url\":\"https:\\\/\\\/zenith-hr.com\\\/wp-content\\\/uploads\\\/2025\\\/02\\\/Chrome.jpg\",\"contentUrl\":\"https:\\\/\\\/zenith-hr.com\\\/wp-content\\\/uploads\\\/2025\\\/02\\\/Chrome.jpg\"},{\"@type\":\"BreadcrumbList\",\"@id\":\"https:\\\/\\\/zenith-hr.com\\\/tr\\\/cerez-politikasi\\\/#breadcrumb\",\"itemListElement\":[{\"@type\":\"ListItem\",\"position\":1,\"name\":\"Home\",\"item\":\"https:\\\/\\\/zenith-hr.com\\\/\"},{\"@type\":\"ListItem\",\"position\":2,\"name\":\"\u00c7erez Politikas\u0131\"}]},{\"@type\":\"WebSite\",\"@id\":\"https:\\\/\\\/zenith-hr.com\\\/tr\\\/#website\",\"url\":\"https:\\\/\\\/zenith-hr.com\\\/tr\\\/\",\"name\":\"Zenith HR\",\"description\":\"IT i\u015fe al\u0131m dan\u0131\u015fmanl\u0131\u011f\u0131 uzmanl\u0131k gerektirir Zenith HR, m\u00fc\u015fterilerine y\u00fcksek nitelikli teknoloji pozisyonlar\u0131 ve di\u011fer i\u015f fonksiyonlar\u0131 i\u00e7in i\u015fe al\u0131m ve \u00fcst d\u00fczey y\u00f6netici se\u00e7me ve yerle\u015ftirme hizmetleri sunmaktad\u0131r.\",\"publisher\":{\"@id\":\"https:\\\/\\\/zenith-hr.com\\\/tr\\\/#organization\"},\"potentialAction\":[{\"@type\":\"SearchAction\",\"target\":{\"@type\":\"EntryPoint\",\"urlTemplate\":\"https:\\\/\\\/zenith-hr.com\\\/tr\\\/?s={search_term_string}\"},\"query-input\":{\"@type\":\"PropertyValueSpecification\",\"valueRequired\":true,\"valueName\":\"search_term_string\"}}],\"inLanguage\":\"tr\"},{\"@type\":\"Organization\",\"@id\":\"https:\\\/\\\/zenith-hr.com\\\/tr\\\/#organization\",\"name\":\"Zenith HR\",\"url\":\"https:\\\/\\\/zenith-hr.com\\\/tr\\\/\",\"logo\":{\"@type\":\"ImageObject\",\"inLanguage\":\"tr\",\"@id\":\"https:\\\/\\\/zenith-hr.com\\\/tr\\\/#\\\/schema\\\/logo\\\/image\\\/\",\"url\":\"https:\\\/\\\/zenith-hr.com\\\/wp-content\\\/uploads\\\/2025\\\/01\\\/zenith_hr_logo-site-1.png\",\"contentUrl\":\"https:\\\/\\\/zenith-hr.com\\\/wp-content\\\/uploads\\\/2025\\\/01\\\/zenith_hr_logo-site-1.png\",\"width\":809,\"height\":162,\"caption\":\"Zenith HR\"},\"image\":{\"@id\":\"https:\\\/\\\/zenith-hr.com\\\/tr\\\/#\\\/schema\\\/logo\\\/image\\\/\"}}]}<\/script>\n<!-- \/ Yoast SEO plugin. -->","yoast_head_json":{"title":"\u00c7erez Politikas\u0131 - Zenith HR","robots":{"index":"index","follow":"follow","max-snippet":"max-snippet:-1","max-image-preview":"max-image-preview:large","max-video-preview":"max-video-preview:-1"},"canonical":"https:\/\/zenith-hr.com\/tr\/cerez-politikasi\/","og_locale":"tr_TR","og_type":"article","og_title":"\u00c7erez Politikas\u0131 - Zenith HR","og_description":"Zenith HR olarak internet sitelerimizden en verimli \u015fekilde faydalanabilmeniz ve kullan\u0131c\u0131 deneyiminizi geli\u015ftirebilmek i\u00e7in \u00e7erezler kullanmaktay\u0131z. \u00c7erez kullan\u0131lmas\u0131n\u0131 tercih etmezseniz taray\u0131c\u0131n\u0131z\u0131n ayarlar\u0131ndan veya a\u015fa\u011f\u0131daki detayl\u0131 \u00e7erez kald\u0131r\u0131m a\u00e7\u0131klamas\u0131ndan \u00e7erezleri silebilir&hellip;","og_url":"https:\/\/zenith-hr.com\/tr\/cerez-politikasi\/","og_site_name":"Zenith HR","article_modified_time":"2025-02-28T15:51:19+00:00","og_image":[{"url":"https:\/\/zenith-hr.com\/wp-content\/uploads\/2025\/02\/Chrome.jpg","type":"","width":"","height":""}],"twitter_card":"summary_large_image","twitter_misc":{"Tahmini okuma s\u00fcresi":"4 dakika"},"schema":{"@context":"https:\/\/schema.org","@graph":[{"@type":"WebPage","@id":"https:\/\/zenith-hr.com\/tr\/cerez-politikasi\/","url":"https:\/\/zenith-hr.com\/tr\/cerez-politikasi\/","name":"\u00c7erez Politikas\u0131 - Zenith HR","isPartOf":{"@id":"https:\/\/zenith-hr.com\/tr\/#website"},"primaryImageOfPage":{"@id":"https:\/\/zenith-hr.com\/tr\/cerez-politikasi\/#primaryimage"},"image":{"@id":"https:\/\/zenith-hr.com\/tr\/cerez-politikasi\/#primaryimage"},"thumbnailUrl":"https:\/\/zenith-hr.com\/wp-content\/uploads\/2025\/02\/Chrome.jpg","datePublished":"2025-02-28T09:05:25+00:00","dateModified":"2025-02-28T15:51:19+00:00","breadcrumb":{"@id":"https:\/\/zenith-hr.com\/tr\/cerez-politikasi\/#breadcrumb"},"inLanguage":"tr","potentialAction":[{"@type":"ReadAction","target":["https:\/\/zenith-hr.com\/tr\/cerez-politikasi\/"]}]},{"@type":"ImageObject","inLanguage":"tr","@id":"https:\/\/zenith-hr.com\/tr\/cerez-politikasi\/#primaryimage","url":"https:\/\/zenith-hr.com\/wp-content\/uploads\/2025\/02\/Chrome.jpg","contentUrl":"https:\/\/zenith-hr.com\/wp-content\/uploads\/2025\/02\/Chrome.jpg"},{"@type":"BreadcrumbList","@id":"https:\/\/zenith-hr.com\/tr\/cerez-politikasi\/#breadcrumb","itemListElement":[{"@type":"ListItem","position":1,"name":"Home","item":"https:\/\/zenith-hr.com\/"},{"@type":"ListItem","position":2,"name":"\u00c7erez Politikas\u0131"}]},{"@type":"WebSite","@id":"https:\/\/zenith-hr.com\/tr\/#website","url":"https:\/\/zenith-hr.com\/tr\/","name":"Zenith HR","description":"IT i\u015fe al\u0131m dan\u0131\u015fmanl\u0131\u011f\u0131 uzmanl\u0131k gerektirir Zenith HR, m\u00fc\u015fterilerine y\u00fcksek nitelikli teknoloji pozisyonlar\u0131 ve di\u011fer i\u015f fonksiyonlar\u0131 i\u00e7in i\u015fe al\u0131m ve \u00fcst d\u00fczey y\u00f6netici se\u00e7me ve yerle\u015ftirme hizmetleri sunmaktad\u0131r.","publisher":{"@id":"https:\/\/zenith-hr.com\/tr\/#organization"},"potentialAction":[{"@type":"SearchAction","target":{"@type":"EntryPoint","urlTemplate":"https:\/\/zenith-hr.com\/tr\/?s={search_term_string}"},"query-input":{"@type":"PropertyValueSpecification","valueRequired":true,"valueName":"search_term_string"}}],"inLanguage":"tr"},{"@type":"Organization","@id":"https:\/\/zenith-hr.com\/tr\/#organization","name":"Zenith HR","url":"https:\/\/zenith-hr.com\/tr\/","logo":{"@type":"ImageObject","inLanguage":"tr","@id":"https:\/\/zenith-hr.com\/tr\/#\/schema\/logo\/image\/","url":"https:\/\/zenith-hr.com\/wp-content\/uploads\/2025\/01\/zenith_hr_logo-site-1.png","contentUrl":"https:\/\/zenith-hr.com\/wp-content\/uploads\/2025\/01\/zenith_hr_logo-site-1.png","width":809,"height":162,"caption":"Zenith HR"},"image":{"@id":"https:\/\/zenith-hr.com\/tr\/#\/schema\/logo\/image\/"}}]}},"_hostinger_reach_plugin_has_subscription_block":false,"_hostinger_reach_plugin_is_elementor":false,"_links":{"self":[{"href":"https:\/\/zenith-hr.com\/tr\/wp-json\/wp\/v2\/pages\/43785","targetHints":{"allow":["GET"]}}],"collection":[{"href":"https:\/\/zenith-hr.com\/tr\/wp-json\/wp\/v2\/pages"}],"about":[{"href":"https:\/\/zenith-hr.com\/tr\/wp-json\/wp\/v2\/types\/page"}],"author":[{"embeddable":true,"href":"https:\/\/zenith-hr.com\/tr\/wp-json\/wp\/v2\/users\/1"}],"replies":[{"embeddable":true,"href":"https:\/\/zenith-hr.com\/tr\/wp-json\/wp\/v2\/comments?post=43785"}],"version-history":[{"count":0,"href":"https:\/\/zenith-hr.com\/tr\/wp-json\/wp\/v2\/pages\/43785\/revisions"}],"wp:attachment":[{"href":"https:\/\/zenith-hr.com\/tr\/wp-json\/wp\/v2\/media?parent=43785"}],"curies":[{"name":"wp","href":"https:\/\/api.w.org\/{rel}","templated":true}]}}