{"id":45135,"date":"2025-03-18T21:13:49","date_gmt":"2025-03-18T18:13:49","guid":{"rendered":"https:\/\/zenith-hr.com\/?page_id=45135"},"modified":"2025-03-18T21:26:32","modified_gmt":"2025-03-18T18:26:32","slug":"acikrizametni","status":"publish","type":"page","link":"https:\/\/zenith-hr.com\/tr\/acikrizametni\/","title":{"rendered":"K\u0130\u015e\u0130SEL VER\u0130LER\u0130N KORUNMASI HAKKINDA K\u0130\u015e\u0130SEL VER\u0130N\u0130N \u0130\u015eLENMES\u0130 VE AKTARILMASI HAKKINDA A\u00c7IK RIZA METN\u0130"},"content":{"rendered":"<p><strong>K\u0130\u015e\u0130SEL VER\u0130LER\u0130N KORUNMASI HAKKINDA K\u0130\u015e\u0130SEL VER\u0130N\u0130N \u0130\u015eLENMES\u0130 VE AKTARILMASI HAKKINDA A\u00c7IK RIZA METN\u0130<\/strong><\/p>\n<p>6698 say\u0131l\u0131 Ki\u015fisel Verilerin Korunmas\u0131 Kanunu (\u201cKVKK\u201d) gere\u011fince, ki\u015fisel verilerimin ZENITH HR DANI\u015eMANLIK LTD.\u015eT\u0130. (\u201cVeri sorumlusu\u201d) taraf\u0131ndan, hangi ama\u00e7la i\u015flenece\u011fi, i\u015flenen ki\u015fisel verilerin kimlere ve hangi ama\u00e7la aktar\u0131labilece\u011fi, ki\u015fisel veri toplaman\u0131n y\u00f6ntemi, hukuki sebebi ve KVKK\u2019 n\u0131n 11. maddesinde say\u0131lan di\u011fer t\u00fcm haklar\u0131m hususlar\u0131nda bilgilendirildim. Taraf\u0131ma sunulan, Ki\u015fisel Verilerin Korunmas\u0131 Mevzuat\u0131 Uyar\u0131nca \u00c7al\u0131\u015fan Aday\u0131 Ayd\u0131nlatma Metni (\u201cAyd\u0131nlatma Metni\u201d) s\u0131n\u0131rlar\u0131 \u00e7er\u00e7evesinde;<\/p>\n<p>\u015eirketinize yapm\u0131\u015f oldu\u011fum i\u015f ba\u015fvurusu sebebiyle \u00f6zge\u00e7mi\u015fimde yer alan ve \u015firketinize s\u00f6zl\u00fc ve yaz\u0131l\u0131 olarak payla\u015ft\u0131\u011f\u0131m t\u00fcm genel ve \u00f6zel nitelikteki ki\u015fisel verilerimin; ba\u015fvurmu\u015f oldu\u011fum pozisyona dair i\u015f ba\u015fvurusu s\u00fcre\u00e7lerinin y\u00fcr\u00fct\u00fclmesi kapsam\u0131nda, i\u015fe giri\u015f veya m\u00fclakata \u00e7a\u011fr\u0131lmam amac\u0131yla ve yine i\u015fe al\u0131m\u0131n ger\u00e7ekle\u015fmemesi halinde gelecekte ortaya \u00e7\u0131kabilecek a\u00e7\u0131k ve uygun bir pozisyonda de\u011ferlendirilmesi ama\u00e7lar\u0131yla;<\/p>\n<p>\u0130\u015f birikimim, tecr\u00fcbem, ki\u015fisel \u00f6zelliklerim a\u00e7\u0131s\u0131ndan uygunlu\u011fumun tespiti, taraf\u0131mla ileti\u015fim sa\u011flanmas\u0131, i\u015fyeri ve i\u015f s\u00fcre\u00e7leri g\u00fcvenli\u011finin teyidi, referanslar\u0131m\u0131n ara\u015ft\u0131r\u0131lmas\u0131 ve bu yolla ge\u00e7mi\u015f i\u015f tecr\u00fcbelerim hakk\u0131nda bilgi sahibi olunmas\u0131 amac\u0131yla \u015firketiniz taraf\u0131ndan i\u015flenmesine a\u00e7\u0131k\u00e7a r\u0131za verdi\u011fimi, ilgili s\u00fcre\u00e7 kapsam\u0131nda i\u015flenme amac\u0131 ile s\u0131n\u0131rl\u0131 olmak \u00fczere gereken yasal s\u00fcre zarf\u0131nda saklanmas\u0131na, muhafaza edilmesine ve ayd\u0131nlatma metninde belirtilen ama\u00e7lar ve i\u015fleme faaliyetleriyle s\u0131n\u0131rl\u0131 olarak \u015fahs\u0131mla ilgili \u00f6zel nitelikli ki\u015fisel verilerimin i\u015flenmesine ve aktar\u0131lmas\u0131na\/payla\u015f\u0131lmas\u0131na r\u0131za verdi\u011fimi beyan ediyorum.<\/p>\n<p>Bu kapsamda, taraf\u0131ma gerekli ayd\u0131nlatman\u0131n yap\u0131ld\u0131\u011f\u0131n\u0131, Ayd\u0131nlatma Metni\u2019ni ve i\u015fbu a\u00e7\u0131k r\u0131za metnini okudu\u011fumu anlad\u0131\u011f\u0131m\u0131 ve r\u0131zam\u0131n al\u0131nd\u0131\u011f\u0131n\u0131 kabul, beyan ve taahh\u00fct ederim.<\/p>","protected":false},"excerpt":{"rendered":"<p>K\u0130\u015e\u0130SEL VER\u0130LER\u0130N KORUNMASI HAKKINDA K\u0130\u015e\u0130SEL VER\u0130N\u0130N \u0130\u015eLENMES\u0130 VE AKTARILMASI HAKKINDA A\u00c7IK RIZA METN\u0130 6698 say\u0131l\u0131 Ki\u015fisel Verilerin Korunmas\u0131 Kanunu (\u201cKVKK\u201d) gere\u011fince, ki\u015fisel verilerimin ZENITH HR DANI\u015eMANLIK LTD.\u015eT\u0130. (\u201cVeri sorumlusu\u201d) taraf\u0131ndan,&hellip;<\/p>","protected":false},"author":1,"featured_media":0,"parent":0,"menu_order":0,"comment_status":"closed","ping_status":"closed","template":"","meta":{"footnotes":""},"class_list":["post-45135","page","type-page","status-publish","hentry"],"yoast_head":"<!-- This site is optimized with the Yoast SEO plugin v27.4 - https:\/\/yoast.com\/product\/yoast-seo-wordpress\/ -->\n<title>K\u0130\u015e\u0130SEL VER\u0130LER\u0130N KORUNMASI HAKKINDA K\u0130\u015e\u0130SEL VER\u0130N\u0130N \u0130\u015eLENMES\u0130 VE AKTARILMASI HAKKINDA A\u00c7IK RIZA METN\u0130 - Zenith HR<\/title>\n<meta name=\"robots\" content=\"index, follow, max-snippet:-1, max-image-preview:large, max-video-preview:-1\" \/>\n<link rel=\"canonical\" href=\"https:\/\/zenith-hr.com\/tr\/acikrizametni\/\" \/>\n<meta property=\"og:locale\" content=\"tr_TR\" \/>\n<meta property=\"og:type\" content=\"article\" \/>\n<meta property=\"og:title\" content=\"K\u0130\u015e\u0130SEL VER\u0130LER\u0130N KORUNMASI HAKKINDA K\u0130\u015e\u0130SEL VER\u0130N\u0130N \u0130\u015eLENMES\u0130 VE AKTARILMASI HAKKINDA A\u00c7IK RIZA METN\u0130 - Zenith HR\" \/>\n<meta property=\"og:description\" content=\"K\u0130\u015e\u0130SEL VER\u0130LER\u0130N KORUNMASI HAKKINDA K\u0130\u015e\u0130SEL VER\u0130N\u0130N \u0130\u015eLENMES\u0130 VE AKTARILMASI HAKKINDA A\u00c7IK RIZA METN\u0130 6698 say\u0131l\u0131 Ki\u015fisel Verilerin Korunmas\u0131 Kanunu (\u201cKVKK\u201d) gere\u011fince, ki\u015fisel verilerimin ZENITH HR DANI\u015eMANLIK LTD.\u015eT\u0130. (\u201cVeri sorumlusu\u201d) taraf\u0131ndan,&hellip;\" \/>\n<meta property=\"og:url\" content=\"https:\/\/zenith-hr.com\/tr\/acikrizametni\/\" \/>\n<meta property=\"og:site_name\" content=\"Zenith HR\" \/>\n<meta property=\"article:modified_time\" content=\"2025-03-18T18:26:32+00:00\" \/>\n<meta property=\"og:image\" content=\"https:\/\/zenith-hr.com\/wp-content\/uploads\/2025\/03\/urun_yonetimi.jpg\" \/>\n\t<meta property=\"og:image:width\" content=\"750\" \/>\n\t<meta property=\"og:image:height\" content=\"500\" \/>\n\t<meta property=\"og:image:type\" content=\"image\/jpeg\" \/>\n<meta name=\"twitter:card\" content=\"summary_large_image\" \/>\n<meta name=\"twitter:label1\" content=\"Tahmini okuma s\u00fcresi\" \/>\n\t<meta name=\"twitter:data1\" content=\"2 dakika\" \/>\n<script type=\"application\/ld+json\" class=\"yoast-schema-graph\">{\"@context\":\"https:\\\/\\\/schema.org\",\"@graph\":[{\"@type\":\"WebPage\",\"@id\":\"https:\\\/\\\/zenith-hr.com\\\/tr\\\/acikrizametni\\\/\",\"url\":\"https:\\\/\\\/zenith-hr.com\\\/tr\\\/acikrizametni\\\/\",\"name\":\"K\u0130\u015e\u0130SEL VER\u0130LER\u0130N KORUNMASI HAKKINDA K\u0130\u015e\u0130SEL VER\u0130N\u0130N \u0130\u015eLENMES\u0130 VE AKTARILMASI HAKKINDA A\u00c7IK RIZA METN\u0130 - Zenith HR\",\"isPartOf\":{\"@id\":\"https:\\\/\\\/zenith-hr.com\\\/tr\\\/#website\"},\"datePublished\":\"2025-03-18T18:13:49+00:00\",\"dateModified\":\"2025-03-18T18:26:32+00:00\",\"breadcrumb\":{\"@id\":\"https:\\\/\\\/zenith-hr.com\\\/tr\\\/acikrizametni\\\/#breadcrumb\"},\"inLanguage\":\"tr\",\"potentialAction\":[{\"@type\":\"ReadAction\",\"target\":[\"https:\\\/\\\/zenith-hr.com\\\/tr\\\/acikrizametni\\\/\"]}]},{\"@type\":\"BreadcrumbList\",\"@id\":\"https:\\\/\\\/zenith-hr.com\\\/tr\\\/acikrizametni\\\/#breadcrumb\",\"itemListElement\":[{\"@type\":\"ListItem\",\"position\":1,\"name\":\"Home\",\"item\":\"https:\\\/\\\/zenith-hr.com\\\/\"},{\"@type\":\"ListItem\",\"position\":2,\"name\":\"K\u0130\u015e\u0130SEL VER\u0130LER\u0130N KORUNMASI HAKKINDA K\u0130\u015e\u0130SEL VER\u0130N\u0130N \u0130\u015eLENMES\u0130 VE AKTARILMASI HAKKINDA A\u00c7IK RIZA METN\u0130\"}]},{\"@type\":\"WebSite\",\"@id\":\"https:\\\/\\\/zenith-hr.com\\\/tr\\\/#website\",\"url\":\"https:\\\/\\\/zenith-hr.com\\\/tr\\\/\",\"name\":\"Zenith HR\",\"description\":\"IT i\u015fe al\u0131m dan\u0131\u015fmanl\u0131\u011f\u0131 uzmanl\u0131k gerektirir Zenith HR, m\u00fc\u015fterilerine y\u00fcksek nitelikli teknoloji pozisyonlar\u0131 ve di\u011fer i\u015f fonksiyonlar\u0131 i\u00e7in i\u015fe al\u0131m ve \u00fcst d\u00fczey y\u00f6netici se\u00e7me ve yerle\u015ftirme hizmetleri sunmaktad\u0131r.\",\"publisher\":{\"@id\":\"https:\\\/\\\/zenith-hr.com\\\/tr\\\/#organization\"},\"potentialAction\":[{\"@type\":\"SearchAction\",\"target\":{\"@type\":\"EntryPoint\",\"urlTemplate\":\"https:\\\/\\\/zenith-hr.com\\\/tr\\\/?s={search_term_string}\"},\"query-input\":{\"@type\":\"PropertyValueSpecification\",\"valueRequired\":true,\"valueName\":\"search_term_string\"}}],\"inLanguage\":\"tr\"},{\"@type\":\"Organization\",\"@id\":\"https:\\\/\\\/zenith-hr.com\\\/tr\\\/#organization\",\"name\":\"Zenith HR\",\"url\":\"https:\\\/\\\/zenith-hr.com\\\/tr\\\/\",\"logo\":{\"@type\":\"ImageObject\",\"inLanguage\":\"tr\",\"@id\":\"https:\\\/\\\/zenith-hr.com\\\/tr\\\/#\\\/schema\\\/logo\\\/image\\\/\",\"url\":\"https:\\\/\\\/zenith-hr.com\\\/wp-content\\\/uploads\\\/2025\\\/01\\\/zenith_hr_logo-site-1.png\",\"contentUrl\":\"https:\\\/\\\/zenith-hr.com\\\/wp-content\\\/uploads\\\/2025\\\/01\\\/zenith_hr_logo-site-1.png\",\"width\":809,\"height\":162,\"caption\":\"Zenith HR\"},\"image\":{\"@id\":\"https:\\\/\\\/zenith-hr.com\\\/tr\\\/#\\\/schema\\\/logo\\\/image\\\/\"}}]}<\/script>\n<!-- \/ Yoast SEO plugin. -->","yoast_head_json":{"title":"K\u0130\u015e\u0130SEL VER\u0130LER\u0130N KORUNMASI HAKKINDA K\u0130\u015e\u0130SEL VER\u0130N\u0130N \u0130\u015eLENMES\u0130 VE AKTARILMASI HAKKINDA A\u00c7IK RIZA METN\u0130 - Zenith HR","robots":{"index":"index","follow":"follow","max-snippet":"max-snippet:-1","max-image-preview":"max-image-preview:large","max-video-preview":"max-video-preview:-1"},"canonical":"https:\/\/zenith-hr.com\/tr\/acikrizametni\/","og_locale":"tr_TR","og_type":"article","og_title":"K\u0130\u015e\u0130SEL VER\u0130LER\u0130N KORUNMASI HAKKINDA K\u0130\u015e\u0130SEL VER\u0130N\u0130N \u0130\u015eLENMES\u0130 VE AKTARILMASI HAKKINDA A\u00c7IK RIZA METN\u0130 - Zenith HR","og_description":"K\u0130\u015e\u0130SEL VER\u0130LER\u0130N KORUNMASI HAKKINDA K\u0130\u015e\u0130SEL VER\u0130N\u0130N \u0130\u015eLENMES\u0130 VE AKTARILMASI HAKKINDA A\u00c7IK RIZA METN\u0130 6698 say\u0131l\u0131 Ki\u015fisel Verilerin Korunmas\u0131 Kanunu (\u201cKVKK\u201d) gere\u011fince, ki\u015fisel verilerimin ZENITH HR DANI\u015eMANLIK LTD.\u015eT\u0130. (\u201cVeri sorumlusu\u201d) taraf\u0131ndan,&hellip;","og_url":"https:\/\/zenith-hr.com\/tr\/acikrizametni\/","og_site_name":"Zenith HR","article_modified_time":"2025-03-18T18:26:32+00:00","og_image":[{"width":750,"height":500,"url":"https:\/\/zenith-hr.com\/wp-content\/uploads\/2025\/03\/urun_yonetimi.jpg","type":"image\/jpeg"}],"twitter_card":"summary_large_image","twitter_misc":{"Tahmini okuma s\u00fcresi":"2 dakika"},"schema":{"@context":"https:\/\/schema.org","@graph":[{"@type":"WebPage","@id":"https:\/\/zenith-hr.com\/tr\/acikrizametni\/","url":"https:\/\/zenith-hr.com\/tr\/acikrizametni\/","name":"K\u0130\u015e\u0130SEL VER\u0130LER\u0130N KORUNMASI HAKKINDA K\u0130\u015e\u0130SEL VER\u0130N\u0130N \u0130\u015eLENMES\u0130 VE AKTARILMASI HAKKINDA A\u00c7IK RIZA METN\u0130 - Zenith HR","isPartOf":{"@id":"https:\/\/zenith-hr.com\/tr\/#website"},"datePublished":"2025-03-18T18:13:49+00:00","dateModified":"2025-03-18T18:26:32+00:00","breadcrumb":{"@id":"https:\/\/zenith-hr.com\/tr\/acikrizametni\/#breadcrumb"},"inLanguage":"tr","potentialAction":[{"@type":"ReadAction","target":["https:\/\/zenith-hr.com\/tr\/acikrizametni\/"]}]},{"@type":"BreadcrumbList","@id":"https:\/\/zenith-hr.com\/tr\/acikrizametni\/#breadcrumb","itemListElement":[{"@type":"ListItem","position":1,"name":"Home","item":"https:\/\/zenith-hr.com\/"},{"@type":"ListItem","position":2,"name":"K\u0130\u015e\u0130SEL VER\u0130LER\u0130N KORUNMASI HAKKINDA K\u0130\u015e\u0130SEL VER\u0130N\u0130N \u0130\u015eLENMES\u0130 VE AKTARILMASI HAKKINDA A\u00c7IK RIZA METN\u0130"}]},{"@type":"WebSite","@id":"https:\/\/zenith-hr.com\/tr\/#website","url":"https:\/\/zenith-hr.com\/tr\/","name":"Zenith HR","description":"IT i\u015fe al\u0131m dan\u0131\u015fmanl\u0131\u011f\u0131 uzmanl\u0131k gerektirir Zenith HR, m\u00fc\u015fterilerine y\u00fcksek nitelikli teknoloji pozisyonlar\u0131 ve di\u011fer i\u015f fonksiyonlar\u0131 i\u00e7in i\u015fe al\u0131m ve \u00fcst d\u00fczey y\u00f6netici se\u00e7me ve yerle\u015ftirme hizmetleri sunmaktad\u0131r.","publisher":{"@id":"https:\/\/zenith-hr.com\/tr\/#organization"},"potentialAction":[{"@type":"SearchAction","target":{"@type":"EntryPoint","urlTemplate":"https:\/\/zenith-hr.com\/tr\/?s={search_term_string}"},"query-input":{"@type":"PropertyValueSpecification","valueRequired":true,"valueName":"search_term_string"}}],"inLanguage":"tr"},{"@type":"Organization","@id":"https:\/\/zenith-hr.com\/tr\/#organization","name":"Zenith HR","url":"https:\/\/zenith-hr.com\/tr\/","logo":{"@type":"ImageObject","inLanguage":"tr","@id":"https:\/\/zenith-hr.com\/tr\/#\/schema\/logo\/image\/","url":"https:\/\/zenith-hr.com\/wp-content\/uploads\/2025\/01\/zenith_hr_logo-site-1.png","contentUrl":"https:\/\/zenith-hr.com\/wp-content\/uploads\/2025\/01\/zenith_hr_logo-site-1.png","width":809,"height":162,"caption":"Zenith HR"},"image":{"@id":"https:\/\/zenith-hr.com\/tr\/#\/schema\/logo\/image\/"}}]}},"_hostinger_reach_plugin_has_subscription_block":false,"_hostinger_reach_plugin_is_elementor":false,"_links":{"self":[{"href":"https:\/\/zenith-hr.com\/tr\/wp-json\/wp\/v2\/pages\/45135","targetHints":{"allow":["GET"]}}],"collection":[{"href":"https:\/\/zenith-hr.com\/tr\/wp-json\/wp\/v2\/pages"}],"about":[{"href":"https:\/\/zenith-hr.com\/tr\/wp-json\/wp\/v2\/types\/page"}],"author":[{"embeddable":true,"href":"https:\/\/zenith-hr.com\/tr\/wp-json\/wp\/v2\/users\/1"}],"replies":[{"embeddable":true,"href":"https:\/\/zenith-hr.com\/tr\/wp-json\/wp\/v2\/comments?post=45135"}],"version-history":[{"count":4,"href":"https:\/\/zenith-hr.com\/tr\/wp-json\/wp\/v2\/pages\/45135\/revisions"}],"predecessor-version":[{"id":45144,"href":"https:\/\/zenith-hr.com\/tr\/wp-json\/wp\/v2\/pages\/45135\/revisions\/45144"}],"wp:attachment":[{"href":"https:\/\/zenith-hr.com\/tr\/wp-json\/wp\/v2\/media?parent=45135"}],"curies":[{"name":"wp","href":"https:\/\/api.w.org\/{rel}","templated":true}]}}