{"id":45138,"date":"2025-03-18T21:17:07","date_gmt":"2025-03-18T18:17:07","guid":{"rendered":"https:\/\/zenith-hr.com\/?page_id=45138"},"modified":"2025-05-13T15:05:12","modified_gmt":"2025-05-13T12:05:12","slug":"kvkk-aydinlatma-metni","status":"publish","type":"page","link":"https:\/\/zenith-hr.com\/tr\/kvkk-aydinlatma-metni\/","title":{"rendered":"K\u0130\u015e\u0130SEL VER\u0130LER\u0130N KORUNMASI MEVZUATI UYARINCA \u00c7ALI\u015eAN ADAYI AYDINLATMA METN\u0130"},"content":{"rendered":"<p><strong>K\u0130\u015e\u0130SEL VER\u0130LER\u0130N KORUNMASI MEVZUATI UYARINCA \u00c7ALI\u015eAN ADAYI AYDINLATMA METN\u0130<\/strong><\/p>\n<p>6698 say\u0131l\u0131 Ki\u015fisel Verilerin Korunmas\u0131 Kanunu (\u201cKVKK\u201d), Ayd\u0131nlatma Y\u00fck\u00fcml\u00fcl\u00fc\u011f\u00fcn\u00fcn Yerine Getirilmesinde Uyulacak Usul ve Esaslar Hakk\u0131nda Tebli\u011fi (\u201cTebli\u011f\u201d) ve ilgili mevzuat kapsam\u0131nda, ZENITH HR DANI\u015eMANLIK LTD.\u015eT\u0130. (\u201cZENITH HR\u201d) olarak ilgili yasal haklar\u0131n\u0131z hakk\u0131nda sizleri bilgilendirmek istiyoruz.<\/p>\n<p>Yapt\u0131\u011f\u0131n\u0131z\/yapaca\u011f\u0131n\u0131z i\u015f ba\u015fvurusu nedeniyle ZENITH HR olarak, Veri Sorumlusu s\u0131fat\u0131yla, payla\u015ft\u0131\u011f\u0131n\u0131z ki\u015fisel verilerinizle, KVKK\u2019nin 6.maddesinde say\u0131lan biyometrik verileriniz, ses ve g\u00f6r\u00fcnt\u00fc kay\u0131tlar\u0131n\u0131z da dahil olmak \u00fczere\u00a0\u00f6zel nitelikli\u00a0ki\u015fisel verilerinizin a\u015fa\u011f\u0131da a\u00e7\u0131kland\u0131\u011f\u0131 \u00e7er\u00e7evede; kaydedilecek, saklanacak, g\u00fcncellenecek, mevzuat ve a\u00e7\u0131k r\u0131zan\u0131z do\u011frultusunda 3. ki\u015filere a\u00e7\u0131klanabilecek\/ devredilebilecek, s\u0131n\u0131fland\u0131r\u0131labilecek ve KVKK\u2019da say\u0131lan \u015fekillerde i\u015flenebilecek oldu\u011funu bildiririz.<\/p>\n<p>Ba\u015fvurunuz do\u011frultusunda aram\u0131zdaki i\u015f ili\u015fkisi \u00e7er\u00e7evesinde, ki\u015fisel verilerinizin, i\u015flenmelerini gerektiren ama\u00e7 \u00e7er\u00e7evesinde ve bu ama\u00e7 ile ba\u011flant\u0131l\u0131, s\u0131n\u0131rl\u0131 ve \u00f6l\u00e7\u00fcl\u00fc \u015fekilde, taraf\u0131m\u0131za bildirdi\u011finiz \u015fekliyle ki\u015fisel verilerin do\u011frulu\u011funu ve en g\u00fcncel halini koruyarak, kaydedilece\u011fini, depolanaca\u011f\u0131n\u0131, muhafaza edilece\u011fini, \u00a0kanunen bu ki\u015fisel verileri talep etmeye yetkili olan kurumlar ile payla\u015f\u0131laca\u011f\u0131n\u0131, yurti\u00e7i veya yurtd\u0131\u015f\u0131 \u00fc\u00e7\u00fcnc\u00fc ki\u015filere aktar\u0131labilece\u011fini, devredilebilece\u011fini, s\u0131n\u0131fland\u0131r\u0131labilece\u011fini ve say\u0131lan sair \u015fekillerde i\u015flenebilece\u011fini bildiririz.<\/p>\n<p><strong>Ki\u015fisel Verilerin Hangi Ama\u00e7la \u0130\u015flenece\u011fi<\/strong><\/p>\n<p>Ki\u015fisel verileriniz, a\u015fa\u011f\u0131da yer verilen ama\u00e7larla i\u015flenecektir.<\/p>\n<ul>\n<li>Ba\u015fvuru talebinizin ve ilgili pozisyona uygunlu\u011funuzun de\u011ferlendirilmesi ve sonu\u00e7land\u0131r\u0131lmas\u0131 kapsam\u0131nda gerekli s\u00fcre\u00e7lerin y\u00fcr\u00fct\u00fclmesi<\/li>\n<li>Ba\u015fvurunuzun sonu\u00e7land\u0131r\u0131labilmesi ve gerekti\u011finde sizinle ileti\u015fime ge\u00e7ilmesi, ba\u015fta \u0130\u015f Kanunu olmak \u00fczere ilgili mevzuat h\u00fck\u00fcmleri \u00e7er\u00e7evesinde gerekli i\u015flemlerin yap\u0131lmas\u0131<\/li>\n<li>\u0130nsan kaynaklar\u0131 politikalar\u0131 \u00e7er\u00e7evesinde i\u015fe al\u0131m, i\u015fe yerle\u015ftirme kapsam\u0131nda istihdam s\u00fcre\u00e7lerinin y\u00fcr\u00fct\u00fclmesi<\/li>\n<li>Yetkili kurulu\u015flara mevzuattan kaynakl\u0131 bilgi verilmesi<\/li>\n<\/ul>\n<p><strong>Hangi Ki\u015fisel Verilerinizi \u0130\u015fliyoruz?<\/strong><\/p>\n<p>Ba\u015fvurmu\u015f oldu\u011funuz pozisyona dair i\u015f ba\u015fvurusu s\u00fcre\u00e7lerinin y\u00fcr\u00fct\u00fclmesi kapsam\u0131nda i\u015fe giri\u015f veya m\u00fclakata \u00e7a\u011fr\u0131lman\u0131z amac\u0131yla ve yine i\u015fe al\u0131m\u0131n ger\u00e7ekle\u015ftirilmemesi halinde gelecekte ortaya \u00e7\u0131kabilecek a\u00e7\u0131k ve uygun bir pozisyonda de\u011ferlendirilmesi ama\u00e7lar\u0131yla; \u00e7al\u0131\u015fan arayan i\u015f ortaklar\u0131m\u0131zla sizleri bulu\u015fturmak ve etkin ve g\u00fcvenli istihdam yaratmak ve sizlere daha iyi hizmet verebilmek i\u00e7in ki\u015fisel verilerinizi i\u015fliyoruz.<\/p>\n<p>Veri Sorumlusu olarak \u015firketimiz taraf\u0131ndan i\u015fe ve pozisyona uygunlu\u011funuzun de\u011ferlendirilmesi i\u00e7in yeterli olacak ki\u015fisel verileriniz d\u0131\u015f\u0131ndaki verilerinizin toplanmamas\u0131 esast\u0131r. ZENITH HR olarak sundu\u011fumuz hizmetlerin do\u011fas\u0131ndan kaynaklanan y\u00fck\u00fcml\u00fcl\u00fcklerin yerine getirilmesi i\u00e7in i\u015flemekteyiz. Bu nedenle \u015firketimize yapaca\u011f\u0131n\u0131z ba\u015fvurular i\u00e7in gerekli olan\u0131n d\u0131\u015f\u0131ndaki ki\u015fisel verilerinizi ve \u00f6zellikle \u00f6zel nitelikli ki\u015fisel verilerinizi payla\u015fmaman\u0131z\u0131 \u00f6neriyoruz. Bu kapsamda i\u015fledi\u011fimiz\/i\u015fleyebilece\u011fimiz verilerinize a\u015fa\u011f\u0131da yer vermekteyiz.<\/p>\n<p><strong>a) <\/strong><u><\/u><strong><u>\u0130\u015flenen<\/u><u> Ki\u015fisel Veriler<\/u><\/strong><\/p>\n<p><strong><em>Kimlik<\/em><\/strong><\/p>\n<p>Ad-Soyad\u0131, Do\u011fum Tarihi, Do\u011fum Yeri, TC Kimlik Numaras\u0131, Medeni Durum, Uyruk, Unvan, Cinsiyet, Ya\u015f<\/p>\n<p><strong><em>\u0130leti\u015fim<\/em><\/strong><\/p>\n<p>Adres, Cep Telefon Numaras\u0131, E-posta adresi, Ev Telefon Numaras\u0131, Sosyal Medya Hesab\u0131<\/p>\n<p><strong><em>Mesleki Deneyim<\/em><\/strong><\/p>\n<p>E\u011fitim Bilgisi, \u00c7al\u0131\u015f\u0131lan \u00d6nceki \u0130\u015fyerlerine \u0130li\u015fkin Bilgi, \u0130\u015f Deneyimi, Pozisyonlar, Staj Deneyimi, Kullan\u0131lan Program Bilgisi, Bitirilen B\u00f6l\u00fcm\/Program, Meslek Bilgisi, Mezuniyet D\u00f6nemi, \u00d6\u011frenim Durumu, \u00d6nceki Meslekler, Sertifika ve Yeterlilik Belgesi Bilgisi, S\u0131nav Bilgisi-S\u0131nav Puan\u0131, Yetkinlikler, \u00d6nceki Meslek Ba\u015flang\u0131\u00e7 Biti\u015f Tarihleri\/\u00c7al\u0131\u015fma \u015eekli, Kurs, Mesleki E\u011fitim<\/p>\n<p><strong><em>\u00d6zl\u00fck<\/em><\/strong><\/p>\n<p>Askerlik Durumu, Ehliyet Bilgisi, Yabanc\u0131 Dil Bilgisi, G\u00f6n\u00fcll\u00fc Proje Bilgisi, \u0130lgi Alanlar\u0131 Bilgisi\/Hobiler, Seyahat Engeli Bilgisi<\/p>\n<p><strong>G\u00f6rsel \u0130\u015fitsel Kay\u0131tlar<\/strong><\/p>\n<p>Foto\u011fraf<\/p>\n<p><strong><em>Di\u011fer <\/em><\/strong><\/p>\n<p>\u00d6zge\u00e7mi\u015f Bilgileri, \u00dccret Beklentiniz, Referans Bilgileriniz, ba\u015fvurulan pozisyona y\u00f6nelik m\u00fclakat sorular\u0131na verdi\u011finiz yan\u0131tlar, g\u00f6r\u00fc\u015fme notlar\u0131 bilgileriniz i\u015flenebilecektir.<\/p>\n<p>\u00d6zge\u00e7mi\u015finizde, referans olarak g\u00f6sterdi\u011finiz ki\u015filerin verilerini ilgili referans ki\u015fisinin bilgi ve r\u0131zas\u0131na uygun olarak payla\u015ft\u0131\u011f\u0131n\u0131z\u0131 ve referans sahibinin aksi y\u00f6ndeki t\u00fcm talep ve iddialar\u0131n\u0131n sorumlulu\u011funun \u015fahs\u0131n\u0131za ait oldu\u011funu kabul ve taahh\u00fct etmektesiniz.<\/p>\n<p><strong>b) <u>\u0130\u015flenen \u00d6zel Nitelikli Ki\u015fisel Veriler<\/u><\/strong><\/p>\n<p><strong><em>Sa\u011fl\u0131k Bilgileri<\/em><\/strong><\/p>\n<p>Ki\u015fisel Sa\u011fl\u0131k Bilgileri, Engellilik Durumuna Ait Bilgiler, Kan Grubu Bilgisi, Kullan\u0131lan Cihaz ve Protez Bilgileri<\/p>\n<p><strong><em>Dernek \u00dcyeli\u011fi ve Vakif \u00dcyeli\u011fi<\/em><\/strong><\/p>\n<p>Dernek ve Vak\u0131f \u00dcyeli\u011fi Bilgileri<\/p>\n<p><strong>Ki\u015fisel Verilerin \u0130\u015flenme S\u00fcresi<\/strong><\/p>\n<p>S\u00f6z konusu verilerinizi, do\u011fru ve g\u00fcncel \u015fekilde veri i\u015fleme ama\u00e7lar\u0131n\u0131n gerektirdi\u011fi s\u00fcreyle s\u0131n\u0131rl\u0131 olarak, istihdam arac\u0131l\u0131\u011f\u0131 faaliyetimizin yerine getirilebilmesi i\u00e7in, ba\u011fl\u0131 bulundu\u011fumuz yasal mevzuat gere\u011fi be\u015f y\u0131l sistemlerimizde saklayaca\u011f\u0131z.<\/p>\n<p><strong>\u0130\u015flenen\u00a0Ki\u015fisel Verilerin Kimlere ve Hangi Ama\u00e7la Aktar\u0131labilece\u011fi<\/strong><\/p>\n<p>Yukar\u0131da yer alan ama\u00e7lar\u0131n yerine getirilmesi do\u011frultusunda ve size istihdam hizmetimizi sa\u011flayabilmek ad\u0131na \u00f6zge\u00e7mi\u015finizde yer alan \u00f6zel nitelikli ki\u015fisel verileriniz de dahil olmak \u00fczere \u00f6zge\u00e7mi\u015finizi ekleri ile beraber yer alan ki\u015fisel verilerinizi payla\u015f\u0131m tercihleriniz do\u011frultusunda yurt i\u00e7i ve\/veya yurt d\u0131\u015f\u0131 merkezli i\u015f orta\u011f\u0131m\u0131z i\u015fverenlere aktar\u0131yoruz. Buna ek olarak ki\u015fisel verileriniz, kanunlarda a\u00e7\u0131k\u00e7a \u00f6ng\u00f6r\u00fclmesi ve hukuki y\u00fck\u00fcml\u00fcl\u00fcklerimizin yerine getirilmesi kapsam\u0131nda kanunen yetkili kamu kurumlar\u0131 ve kanunen yetkili \u00f6zel ki\u015filere aktar\u0131labilecektir.<\/p>\n<p><strong>Ki\u015fisel Veri Toplaman\u0131n Y\u00f6ntemi ve Hukuki Sebebi<\/strong><\/p>\n<p>Ki\u015fisel verileriniz, yukar\u0131da yer verilen ama\u00e7lar\u0131n yerine getirilmesi kapsam\u0131nda \u015firketimiz taraf\u0131ndan kullan\u0131lmakta olan platformlar, kariyer portallar\u0131, s\u00f6zl\u00fc, yaz\u0131l\u0131, g\u00f6rsel olarak elektronik ortamda her t\u00fcrl\u00fc y\u00f6ntemle Kanun\u2019un 5. ve 6. maddelerinde belirtilen ki\u015fisel veri i\u015fleme \u015fartlar\u0131na uygun olarak toplanmakta ve i\u015flenmektedir.<\/p>\n<p><strong>Ki\u015fisel Veri Sahibinin Kanun\u2019un 11. Maddesinde Say\u0131lan Haklar\u0131<\/strong><\/p>\n<p>Ki\u015fisel veri sahibi olarak Kanun\u2019un 11. maddesi uyar\u0131nca a\u015fa\u011f\u0131daki haklara sahip oldu\u011funuzu bildiririz. \u015eirketimize ba\u015fvurarak, ki\u015fisel verilerinizin;<\/p>\n<ul>\n<li>\u0130\u015flenip i\u015flenmedi\u011fini \u00f6\u011frenme<\/li>\n<li>\u0130\u015flenmi\u015fse, buna ili\u015fkin bilgi talep etme<\/li>\n<li>\u0130\u015flenme amac\u0131n\u0131 ve ki\u015fisel verilerinizin i\u015flenme amac\u0131na uygun kullan\u0131l\u0131p kullan\u0131lmad\u0131\u011f\u0131n\u0131 \u00f6\u011frenme<\/li>\n<li>Yurt i\u00e7inde veya yurt d\u0131\u015f\u0131nda ki\u015fisel verilerinizin aktar\u0131ld\u0131\u011f\u0131 \u00fc\u00e7\u00fcnc\u00fc ki\u015fileri bilme<\/li>\n<li>Eksik veya yanl\u0131\u015f i\u015flenmi\u015f olmas\u0131 halinde bunlar\u0131n d\u00fczeltilmesini talep etme<\/li>\n<li>\u0130lgili mevzuatta \u00f6ng\u00f6r\u00fclen \u015fartlar \u00e7er\u00e7evesinde ki\u015fisel verilerinizin silinmesini veya yok edilmesini isteme<\/li>\n<li>\u0130lgili mevzuat uyar\u0131nca yap\u0131lan d\u00fczeltme, silme ve yok edilme i\u015flemlerinin, ki\u015fisel verilerinizin payla\u015f\u0131ld\u0131\u011f\u0131 \u00fc\u00e7\u00fcnc\u00fc ki\u015filere bildirilmesini isteme<\/li>\n<li>\u0130\u015flenen ki\u015fisel verilerinizin m\u00fcnhas\u0131ran otomatik sistemler vas\u0131tas\u0131yla analiz edilmesi suretiyle sizin aleyhinize bir sonucun ortaya \u00e7\u0131kmas\u0131na itiraz etme<\/li>\n<li>Ki\u015fisel verilerinizin kanuna ayk\u0131r\u0131 olarak i\u015flenmesi sebebiyle zarara u\u011framan\u0131z halinde, zarar\u0131n giderilmesini talep etmek<\/li>\n<\/ul>\n<p>Ba\u015fvurunuzda yer alan talepleriniz, talebin niteli\u011fine g\u00f6re en k\u0131sa s\u00fcrede ve en ge\u00e7 otuz g\u00fcn i\u00e7inde sonu\u00e7land\u0131r\u0131lacakt\u0131r. Bu kapsamdaki haklar\u0131n\u0131z 07.10.2016 tarihi itibar\u0131yla y\u00fcr\u00fcrl\u00fc\u011fe girmi\u015ftir.<\/p>\n<p><strong>KVVK h\u00fck\u00fcmleri kapsam\u0131nda ba\u015fvuru yapabilece\u011finiz Veri Sorumlusu<\/strong><\/p>\n<p>\u015eirket \u00dcnvan\u0131: Zenith HR Dan\u0131\u015fmanl\u0131k Limited \u015eirketi<\/p>\n<p>Adres: Eski B\u00fcy\u00fckdere Cad. Orjin Plaza. No:27 Zemin Kat 34398 Maslak\/\u0130stanbul<\/p>\n<p>Mersis Numaras\u0131: 0997143390100001<\/p>\n<p>E-posta Adresi: info@zenith-hr.com<\/p>\n<p>Web Adresi: https:\/\/zenith-hr.com\/<\/p>","protected":false},"excerpt":{"rendered":"<p>K\u0130\u015e\u0130SEL VER\u0130LER\u0130N KORUNMASI MEVZUATI UYARINCA \u00c7ALI\u015eAN ADAYI AYDINLATMA METN\u0130 6698 say\u0131l\u0131 Ki\u015fisel Verilerin Korunmas\u0131 Kanunu (\u201cKVKK\u201d), Ayd\u0131nlatma Y\u00fck\u00fcml\u00fcl\u00fc\u011f\u00fcn\u00fcn Yerine Getirilmesinde Uyulacak Usul ve Esaslar Hakk\u0131nda Tebli\u011fi (\u201cTebli\u011f\u201d) ve ilgili mevzuat&hellip;<\/p>","protected":false},"author":1,"featured_media":0,"parent":0,"menu_order":0,"comment_status":"closed","ping_status":"closed","template":"","meta":{"footnotes":""},"class_list":["post-45138","page","type-page","status-publish","hentry"],"yoast_head":"<!-- This site is optimized with the Yoast SEO plugin v27.4 - https:\/\/yoast.com\/product\/yoast-seo-wordpress\/ -->\n<title>K\u0130\u015e\u0130SEL VER\u0130LER\u0130N KORUNMASI MEVZUATI UYARINCA \u00c7ALI\u015eAN ADAYI AYDINLATMA METN\u0130 - Zenith HR<\/title>\n<meta name=\"robots\" content=\"index, follow, max-snippet:-1, max-image-preview:large, max-video-preview:-1\" \/>\n<link rel=\"canonical\" href=\"https:\/\/zenith-hr.com\/tr\/kvkk-aydinlatma-metni\/\" \/>\n<meta property=\"og:locale\" content=\"tr_TR\" \/>\n<meta property=\"og:type\" content=\"article\" \/>\n<meta property=\"og:title\" content=\"K\u0130\u015e\u0130SEL VER\u0130LER\u0130N KORUNMASI MEVZUATI UYARINCA \u00c7ALI\u015eAN ADAYI AYDINLATMA METN\u0130 - Zenith HR\" \/>\n<meta property=\"og:description\" content=\"K\u0130\u015e\u0130SEL VER\u0130LER\u0130N KORUNMASI MEVZUATI UYARINCA \u00c7ALI\u015eAN ADAYI AYDINLATMA METN\u0130 6698 say\u0131l\u0131 Ki\u015fisel Verilerin Korunmas\u0131 Kanunu (\u201cKVKK\u201d), Ayd\u0131nlatma Y\u00fck\u00fcml\u00fcl\u00fc\u011f\u00fcn\u00fcn Yerine Getirilmesinde Uyulacak Usul ve Esaslar Hakk\u0131nda Tebli\u011fi (\u201cTebli\u011f\u201d) ve ilgili mevzuat&hellip;\" \/>\n<meta property=\"og:url\" content=\"https:\/\/zenith-hr.com\/tr\/kvkk-aydinlatma-metni\/\" \/>\n<meta property=\"og:site_name\" content=\"Zenith HR\" \/>\n<meta property=\"article:modified_time\" content=\"2025-05-13T12:05:12+00:00\" \/>\n<meta property=\"og:image\" content=\"https:\/\/zenith-hr.com\/wp-content\/uploads\/2025\/03\/urun_yonetimi.jpg\" \/>\n\t<meta property=\"og:image:width\" content=\"750\" \/>\n\t<meta property=\"og:image:height\" content=\"500\" \/>\n\t<meta property=\"og:image:type\" content=\"image\/jpeg\" \/>\n<meta name=\"twitter:card\" content=\"summary_large_image\" \/>\n<meta name=\"twitter:label1\" content=\"Tahmini okuma s\u00fcresi\" \/>\n\t<meta name=\"twitter:data1\" content=\"6 dakika\" \/>\n<script type=\"application\/ld+json\" class=\"yoast-schema-graph\">{\"@context\":\"https:\\\/\\\/schema.org\",\"@graph\":[{\"@type\":\"WebPage\",\"@id\":\"https:\\\/\\\/zenith-hr.com\\\/tr\\\/kvkk-aydinlatma-metni\\\/\",\"url\":\"https:\\\/\\\/zenith-hr.com\\\/tr\\\/kvkk-aydinlatma-metni\\\/\",\"name\":\"K\u0130\u015e\u0130SEL VER\u0130LER\u0130N KORUNMASI MEVZUATI UYARINCA \u00c7ALI\u015eAN ADAYI AYDINLATMA METN\u0130 - Zenith HR\",\"isPartOf\":{\"@id\":\"https:\\\/\\\/zenith-hr.com\\\/tr\\\/#website\"},\"datePublished\":\"2025-03-18T18:17:07+00:00\",\"dateModified\":\"2025-05-13T12:05:12+00:00\",\"breadcrumb\":{\"@id\":\"https:\\\/\\\/zenith-hr.com\\\/tr\\\/kvkk-aydinlatma-metni\\\/#breadcrumb\"},\"inLanguage\":\"tr\",\"potentialAction\":[{\"@type\":\"ReadAction\",\"target\":[\"https:\\\/\\\/zenith-hr.com\\\/tr\\\/kvkk-aydinlatma-metni\\\/\"]}]},{\"@type\":\"BreadcrumbList\",\"@id\":\"https:\\\/\\\/zenith-hr.com\\\/tr\\\/kvkk-aydinlatma-metni\\\/#breadcrumb\",\"itemListElement\":[{\"@type\":\"ListItem\",\"position\":1,\"name\":\"Home\",\"item\":\"https:\\\/\\\/zenith-hr.com\\\/\"},{\"@type\":\"ListItem\",\"position\":2,\"name\":\"K\u0130\u015e\u0130SEL VER\u0130LER\u0130N KORUNMASI MEVZUATI UYARINCA \u00c7ALI\u015eAN ADAYI AYDINLATMA METN\u0130\"}]},{\"@type\":\"WebSite\",\"@id\":\"https:\\\/\\\/zenith-hr.com\\\/tr\\\/#website\",\"url\":\"https:\\\/\\\/zenith-hr.com\\\/tr\\\/\",\"name\":\"Zenith HR\",\"description\":\"IT i\u015fe al\u0131m dan\u0131\u015fmanl\u0131\u011f\u0131 uzmanl\u0131k gerektirir Zenith HR, m\u00fc\u015fterilerine y\u00fcksek nitelikli teknoloji pozisyonlar\u0131 ve di\u011fer i\u015f fonksiyonlar\u0131 i\u00e7in i\u015fe al\u0131m ve \u00fcst d\u00fczey y\u00f6netici se\u00e7me ve yerle\u015ftirme hizmetleri sunmaktad\u0131r.\",\"publisher\":{\"@id\":\"https:\\\/\\\/zenith-hr.com\\\/tr\\\/#organization\"},\"potentialAction\":[{\"@type\":\"SearchAction\",\"target\":{\"@type\":\"EntryPoint\",\"urlTemplate\":\"https:\\\/\\\/zenith-hr.com\\\/tr\\\/?s={search_term_string}\"},\"query-input\":{\"@type\":\"PropertyValueSpecification\",\"valueRequired\":true,\"valueName\":\"search_term_string\"}}],\"inLanguage\":\"tr\"},{\"@type\":\"Organization\",\"@id\":\"https:\\\/\\\/zenith-hr.com\\\/tr\\\/#organization\",\"name\":\"Zenith HR\",\"url\":\"https:\\\/\\\/zenith-hr.com\\\/tr\\\/\",\"logo\":{\"@type\":\"ImageObject\",\"inLanguage\":\"tr\",\"@id\":\"https:\\\/\\\/zenith-hr.com\\\/tr\\\/#\\\/schema\\\/logo\\\/image\\\/\",\"url\":\"https:\\\/\\\/zenith-hr.com\\\/wp-content\\\/uploads\\\/2025\\\/01\\\/zenith_hr_logo-site-1.png\",\"contentUrl\":\"https:\\\/\\\/zenith-hr.com\\\/wp-content\\\/uploads\\\/2025\\\/01\\\/zenith_hr_logo-site-1.png\",\"width\":809,\"height\":162,\"caption\":\"Zenith HR\"},\"image\":{\"@id\":\"https:\\\/\\\/zenith-hr.com\\\/tr\\\/#\\\/schema\\\/logo\\\/image\\\/\"}}]}<\/script>\n<!-- \/ Yoast SEO plugin. -->","yoast_head_json":{"title":"K\u0130\u015e\u0130SEL VER\u0130LER\u0130N KORUNMASI MEVZUATI UYARINCA \u00c7ALI\u015eAN ADAYI AYDINLATMA METN\u0130 - Zenith HR","robots":{"index":"index","follow":"follow","max-snippet":"max-snippet:-1","max-image-preview":"max-image-preview:large","max-video-preview":"max-video-preview:-1"},"canonical":"https:\/\/zenith-hr.com\/tr\/kvkk-aydinlatma-metni\/","og_locale":"tr_TR","og_type":"article","og_title":"K\u0130\u015e\u0130SEL VER\u0130LER\u0130N KORUNMASI MEVZUATI UYARINCA \u00c7ALI\u015eAN ADAYI AYDINLATMA METN\u0130 - Zenith HR","og_description":"K\u0130\u015e\u0130SEL VER\u0130LER\u0130N KORUNMASI MEVZUATI UYARINCA \u00c7ALI\u015eAN ADAYI AYDINLATMA METN\u0130 6698 say\u0131l\u0131 Ki\u015fisel Verilerin Korunmas\u0131 Kanunu (\u201cKVKK\u201d), Ayd\u0131nlatma Y\u00fck\u00fcml\u00fcl\u00fc\u011f\u00fcn\u00fcn Yerine Getirilmesinde Uyulacak Usul ve Esaslar Hakk\u0131nda Tebli\u011fi (\u201cTebli\u011f\u201d) ve ilgili mevzuat&hellip;","og_url":"https:\/\/zenith-hr.com\/tr\/kvkk-aydinlatma-metni\/","og_site_name":"Zenith HR","article_modified_time":"2025-05-13T12:05:12+00:00","og_image":[{"width":750,"height":500,"url":"https:\/\/zenith-hr.com\/wp-content\/uploads\/2025\/03\/urun_yonetimi.jpg","type":"image\/jpeg"}],"twitter_card":"summary_large_image","twitter_misc":{"Tahmini okuma s\u00fcresi":"6 dakika"},"schema":{"@context":"https:\/\/schema.org","@graph":[{"@type":"WebPage","@id":"https:\/\/zenith-hr.com\/tr\/kvkk-aydinlatma-metni\/","url":"https:\/\/zenith-hr.com\/tr\/kvkk-aydinlatma-metni\/","name":"K\u0130\u015e\u0130SEL VER\u0130LER\u0130N KORUNMASI MEVZUATI UYARINCA \u00c7ALI\u015eAN ADAYI AYDINLATMA METN\u0130 - Zenith HR","isPartOf":{"@id":"https:\/\/zenith-hr.com\/tr\/#website"},"datePublished":"2025-03-18T18:17:07+00:00","dateModified":"2025-05-13T12:05:12+00:00","breadcrumb":{"@id":"https:\/\/zenith-hr.com\/tr\/kvkk-aydinlatma-metni\/#breadcrumb"},"inLanguage":"tr","potentialAction":[{"@type":"ReadAction","target":["https:\/\/zenith-hr.com\/tr\/kvkk-aydinlatma-metni\/"]}]},{"@type":"BreadcrumbList","@id":"https:\/\/zenith-hr.com\/tr\/kvkk-aydinlatma-metni\/#breadcrumb","itemListElement":[{"@type":"ListItem","position":1,"name":"Home","item":"https:\/\/zenith-hr.com\/"},{"@type":"ListItem","position":2,"name":"K\u0130\u015e\u0130SEL VER\u0130LER\u0130N KORUNMASI MEVZUATI UYARINCA \u00c7ALI\u015eAN ADAYI AYDINLATMA METN\u0130"}]},{"@type":"WebSite","@id":"https:\/\/zenith-hr.com\/tr\/#website","url":"https:\/\/zenith-hr.com\/tr\/","name":"Zenith HR","description":"IT i\u015fe al\u0131m dan\u0131\u015fmanl\u0131\u011f\u0131 uzmanl\u0131k gerektirir Zenith HR, m\u00fc\u015fterilerine y\u00fcksek nitelikli teknoloji pozisyonlar\u0131 ve di\u011fer i\u015f fonksiyonlar\u0131 i\u00e7in i\u015fe al\u0131m ve \u00fcst d\u00fczey y\u00f6netici se\u00e7me ve yerle\u015ftirme hizmetleri sunmaktad\u0131r.","publisher":{"@id":"https:\/\/zenith-hr.com\/tr\/#organization"},"potentialAction":[{"@type":"SearchAction","target":{"@type":"EntryPoint","urlTemplate":"https:\/\/zenith-hr.com\/tr\/?s={search_term_string}"},"query-input":{"@type":"PropertyValueSpecification","valueRequired":true,"valueName":"search_term_string"}}],"inLanguage":"tr"},{"@type":"Organization","@id":"https:\/\/zenith-hr.com\/tr\/#organization","name":"Zenith HR","url":"https:\/\/zenith-hr.com\/tr\/","logo":{"@type":"ImageObject","inLanguage":"tr","@id":"https:\/\/zenith-hr.com\/tr\/#\/schema\/logo\/image\/","url":"https:\/\/zenith-hr.com\/wp-content\/uploads\/2025\/01\/zenith_hr_logo-site-1.png","contentUrl":"https:\/\/zenith-hr.com\/wp-content\/uploads\/2025\/01\/zenith_hr_logo-site-1.png","width":809,"height":162,"caption":"Zenith HR"},"image":{"@id":"https:\/\/zenith-hr.com\/tr\/#\/schema\/logo\/image\/"}}]}},"_hostinger_reach_plugin_has_subscription_block":false,"_hostinger_reach_plugin_is_elementor":false,"_links":{"self":[{"href":"https:\/\/zenith-hr.com\/tr\/wp-json\/wp\/v2\/pages\/45138","targetHints":{"allow":["GET"]}}],"collection":[{"href":"https:\/\/zenith-hr.com\/tr\/wp-json\/wp\/v2\/pages"}],"about":[{"href":"https:\/\/zenith-hr.com\/tr\/wp-json\/wp\/v2\/types\/page"}],"author":[{"embeddable":true,"href":"https:\/\/zenith-hr.com\/tr\/wp-json\/wp\/v2\/users\/1"}],"replies":[{"embeddable":true,"href":"https:\/\/zenith-hr.com\/tr\/wp-json\/wp\/v2\/comments?post=45138"}],"version-history":[{"count":8,"href":"https:\/\/zenith-hr.com\/tr\/wp-json\/wp\/v2\/pages\/45138\/revisions"}],"predecessor-version":[{"id":45398,"href":"https:\/\/zenith-hr.com\/tr\/wp-json\/wp\/v2\/pages\/45138\/revisions\/45398"}],"wp:attachment":[{"href":"https:\/\/zenith-hr.com\/tr\/wp-json\/wp\/v2\/media?parent=45138"}],"curies":[{"name":"wp","href":"https:\/\/api.w.org\/{rel}","templated":true}]}}